{"id":566,"date":"2018-07-25T10:48:23","date_gmt":"2018-07-25T09:48:23","guid":{"rendered":"http:\/\/www.renedejonge.nl\/?page_id=566"},"modified":"2023-01-23T13:56:22","modified_gmt":"2023-01-23T12:56:22","slug":"mortgage-advice","status":"publish","type":"page","link":"https:\/\/www.renedejonge.nl\/en\/mortgage-advice\/","title":{"rendered":"Mortgage advice"},"content":{"rendered":"<div class=\"\">\n<div class=\"clearfix\">\n<p><!-- ## SEO GENERATED Visual Feedback --><\/p>\n<div id=\"rpsBYFEW4UNOQ6QOHO8J2E6IYS0570L4VUU\" class=\"rad-v-section clearfix\">\n<div id=\"rpcY2J6G7R45N9FI0LAV2FIMN3P0DAKH70T\" class=\"rad-v-container \">\n<div id=\"rpwXFWLOIOC0KI2BJM9YYA2C3REVJI3E70D\" class=\"rad-v-widget \">\n<div class=\"clearfix rad-v-feeder\">\n<div class=\"rad-intro-info\">\n<h4 class=\"vf-text_title\">Mortgage advice<\/h4>\n<h6 class=\"vf-text_subtitle\"><\/h6>\n<\/div>\n<\/div>\n<\/div>\n<div id=\"rpwNAIH8E43V0WD6NBJGTTDBMAUUA34QSGB\" class=\"rad-v-widget \">\n<div class=\"clearfix rad-v-feeder\">\n<div class=\"text-info\">\n<h4 class=\"vf-text_title\"><\/h4>\n<h6 class=\"vf-text_subtitle\"><\/h6>\n<div class=\"vtext vf-text_data\">\n<h2 style=\"color: #c6aa76; font-weight: bold;\">Your mortgage. Our specialty.<\/h2>\n<p><strong>A correct mortgage provides the anticipated financial space. Not only now: later too.<\/strong><\/p>\n<p>Therefore, taking out a mortgage deserves the attention it needs. You get that attention from us. Only with truly good advice, you can reach the right result and cut unnecessary costs. After all, we believe a mortgage advice is only good if you can recoup your investment. There is no doubt that we will look for the right construction for you, with the right interest rate and conditions. To that end, we are advisers, we know the lenders, and we know what to look out for. Fortunately, we are completely independent, which is an absolute requirement. And fortunately, we are creative and knowledgeable enough to find the most beneficial solution for you. Buying and financing a house is an intensive process in which reason and emotion come together. Consequently, knowing that you no longer have to worry about financing gives you great peace of mind. We do that for you. After all, we want you to enjoy your home optimally.<\/p>\n<p>During a no-obligation meeting in The Hague, we would love to tell you how we want to achieve that for you.<\/p>\n<h2 style=\"color: #c6aa76; font-weight: bold;\">Second opinion<\/h2>\n<p>Do you have sufficient knowledge of mortgages (or financial products) yourself and can you compare terms and interest rates yourself? We challenge you for a second opinion. You will always benefit from it.<\/p>\n<h2 style=\"color: #c6aa76; font-weight: bold;\">Are you a starter?<\/h2>\n<p>It is not easy for you to buy a house. We try to make it easy for starters. Would you like more information for starters? <a href=\"\/en\/starter-the-hague\/\">View our special starter page. <\/a>.<\/p>\n<\/div>\n<\/div>\n<\/div>\n<\/div>\n<div id=\"rpwE4CNDU6CTPJO0XYUR76RIXJXLOOQD2LL\" class=\"rad-v-widget \">\n<div class=\"clearfix rad-v-feeder\"><a class=\"vf-label\" href=\"\/en\/contact\/\">Make an appointment without any obligation<\/a><\/div>\n<\/div>\n<\/div>\n<div id=\"rpcVKOXRU1S6R2B55YXREEK4VCSTKRV9ET1\" class=\"rad-v-container \">\n<div id=\"rpwGBN84PHBH4TGIWJBW1YRH4CJ3LLGI9NM\" class=\"rad-v-widget \">\n<div class=\"clearfix rad-v-feeder\">\n<div class=\"rad-image-info\">\n<h4 class=\"vf-text_title\"><\/h4>\n<p><img decoding=\"async\" src=\"http:\/\/renedejonge.nl\/wp-content\/uploads\/2014\/06\/IMG_9374.jpg\" \/><\/p>\n<\/div>\n<\/div>\n<\/div>\n<\/div>\n<\/div>\n<\/div>\n<\/div>\n<p><!-- ## AUTO GENERATED Visual Feedback --><\/p>\n","protected":false},"excerpt":{"rendered":"<p>Mortgage advice Your mortgage. Our specialty. A correct mortgage provides the anticipated financial space. Not only now: later too. Therefore, taking out a mortgage deserves the attention it needs. You get that attention from us. Only with truly good advice, you can reach the right result and cut unnecessary costs. After all, we believe a&#8230;<\/p>\n","protected":false},"author":1,"featured_media":0,"parent":0,"menu_order":0,"comment_status":"closed","ping_status":"closed","template":"","meta":{"footnotes":""},"class_list":["post-566","page","type-page","status-publish","hentry"],"yoast_head":"<!-- This site is optimized with the Yoast SEO plugin v27.6 - https:\/\/yoast.com\/product\/yoast-seo-wordpress\/ -->\n<title>Mortgage advice - Ren\u00e9 de Jonge - Den Haag<\/title>\n<meta name=\"description\" content=\"A correct mortgage provides the anticipated financial space. Not only now: later too.Therefore, taking out a mortgage deserves the attention it needs.\" \/>\n<meta name=\"robots\" content=\"index, follow, max-snippet:-1, max-image-preview:large, max-video-preview:-1\" \/>\n<link rel=\"canonical\" href=\"https:\/\/www.renedejonge.nl\/en\/mortgage-advice\/\" \/>\n<meta property=\"og:locale\" content=\"en_US\" \/>\n<meta property=\"og:type\" content=\"article\" \/>\n<meta property=\"og:title\" content=\"Mortgage advice - Ren\u00e9 de Jonge - Den Haag\" \/>\n<meta property=\"og:description\" content=\"A correct mortgage provides the anticipated financial space. Not only now: later too.Therefore, taking out a mortgage deserves the attention it needs.\" \/>\n<meta property=\"og:url\" content=\"https:\/\/www.renedejonge.nl\/en\/mortgage-advice\/\" \/>\n<meta property=\"og:site_name\" content=\"Ren\u00e9 de Jonge - Den Haag\" \/>\n<meta property=\"article:modified_time\" content=\"2023-01-23T12:56:22+00:00\" \/>\n<meta property=\"og:image\" content=\"http:\/\/renedejonge.nl\/wp-content\/uploads\/2014\/06\/IMG_9374.jpg\" \/>\n<meta name=\"twitter:card\" content=\"summary_large_image\" \/>\n<meta name=\"twitter:label1\" content=\"Est. reading time\" \/>\n\t<meta name=\"twitter:data1\" content=\"2 minutes\" \/>\n<script type=\"application\/ld+json\" class=\"yoast-schema-graph\">{\"@context\":\"https:\\\/\\\/schema.org\",\"@graph\":[{\"@type\":\"WebPage\",\"@id\":\"https:\\\/\\\/www.renedejonge.nl\\\/en\\\/mortgage-advice\\\/\",\"url\":\"https:\\\/\\\/www.renedejonge.nl\\\/en\\\/mortgage-advice\\\/\",\"name\":\"Mortgage advice - Ren\u00e9 de Jonge - Den Haag\",\"isPartOf\":{\"@id\":\"https:\\\/\\\/www.renedejonge.nl\\\/en\\\/#website\"},\"primaryImageOfPage\":{\"@id\":\"https:\\\/\\\/www.renedejonge.nl\\\/en\\\/mortgage-advice\\\/#primaryimage\"},\"image\":{\"@id\":\"https:\\\/\\\/www.renedejonge.nl\\\/en\\\/mortgage-advice\\\/#primaryimage\"},\"thumbnailUrl\":\"http:\\\/\\\/renedejonge.nl\\\/wp-content\\\/uploads\\\/2014\\\/06\\\/IMG_9374.jpg\",\"datePublished\":\"2018-07-25T09:48:23+00:00\",\"dateModified\":\"2023-01-23T12:56:22+00:00\",\"description\":\"A correct mortgage provides the anticipated financial space. Not only now: later too.Therefore, taking out a mortgage deserves the attention it needs.\",\"breadcrumb\":{\"@id\":\"https:\\\/\\\/www.renedejonge.nl\\\/en\\\/mortgage-advice\\\/#breadcrumb\"},\"inLanguage\":\"en-US\",\"potentialAction\":[{\"@type\":\"ReadAction\",\"target\":[\"https:\\\/\\\/www.renedejonge.nl\\\/en\\\/mortgage-advice\\\/\"]}]},{\"@type\":\"ImageObject\",\"inLanguage\":\"en-US\",\"@id\":\"https:\\\/\\\/www.renedejonge.nl\\\/en\\\/mortgage-advice\\\/#primaryimage\",\"url\":\"http:\\\/\\\/renedejonge.nl\\\/wp-content\\\/uploads\\\/2014\\\/06\\\/IMG_9374.jpg\",\"contentUrl\":\"http:\\\/\\\/renedejonge.nl\\\/wp-content\\\/uploads\\\/2014\\\/06\\\/IMG_9374.jpg\"},{\"@type\":\"BreadcrumbList\",\"@id\":\"https:\\\/\\\/www.renedejonge.nl\\\/en\\\/mortgage-advice\\\/#breadcrumb\",\"itemListElement\":[{\"@type\":\"ListItem\",\"position\":1,\"name\":\"Home\",\"item\":\"https:\\\/\\\/www.renedejonge.nl\\\/en\\\/\"},{\"@type\":\"ListItem\",\"position\":2,\"name\":\"Mortgage advice\"}]},{\"@type\":\"WebSite\",\"@id\":\"https:\\\/\\\/www.renedejonge.nl\\\/en\\\/#website\",\"url\":\"https:\\\/\\\/www.renedejonge.nl\\\/en\\\/\",\"name\":\"Ren\u00e9 de Jonge - Den Haag\",\"description\":\"H\u00e9t aanspreekpunt voor al uw financi\u00eble zaken\",\"potentialAction\":[{\"@type\":\"SearchAction\",\"target\":{\"@type\":\"EntryPoint\",\"urlTemplate\":\"https:\\\/\\\/www.renedejonge.nl\\\/en\\\/?s={search_term_string}\"},\"query-input\":{\"@type\":\"PropertyValueSpecification\",\"valueRequired\":true,\"valueName\":\"search_term_string\"}}],\"inLanguage\":\"en-US\"}]}<\/script>\n<!-- \/ Yoast SEO plugin. -->","yoast_head_json":{"title":"Mortgage advice - Ren\u00e9 de Jonge - Den Haag","description":"A correct mortgage provides the anticipated financial space. Not only now: later too.Therefore, taking out a mortgage deserves the attention it needs.","robots":{"index":"index","follow":"follow","max-snippet":"max-snippet:-1","max-image-preview":"max-image-preview:large","max-video-preview":"max-video-preview:-1"},"canonical":"https:\/\/www.renedejonge.nl\/en\/mortgage-advice\/","og_locale":"en_US","og_type":"article","og_title":"Mortgage advice - Ren\u00e9 de Jonge - Den Haag","og_description":"A correct mortgage provides the anticipated financial space. Not only now: later too.Therefore, taking out a mortgage deserves the attention it needs.","og_url":"https:\/\/www.renedejonge.nl\/en\/mortgage-advice\/","og_site_name":"Ren\u00e9 de Jonge - Den Haag","article_modified_time":"2023-01-23T12:56:22+00:00","og_image":[{"url":"http:\/\/renedejonge.nl\/wp-content\/uploads\/2014\/06\/IMG_9374.jpg","type":"","width":"","height":""}],"twitter_card":"summary_large_image","twitter_misc":{"Est. reading time":"2 minutes"},"schema":{"@context":"https:\/\/schema.org","@graph":[{"@type":"WebPage","@id":"https:\/\/www.renedejonge.nl\/en\/mortgage-advice\/","url":"https:\/\/www.renedejonge.nl\/en\/mortgage-advice\/","name":"Mortgage advice - Ren\u00e9 de Jonge - Den Haag","isPartOf":{"@id":"https:\/\/www.renedejonge.nl\/en\/#website"},"primaryImageOfPage":{"@id":"https:\/\/www.renedejonge.nl\/en\/mortgage-advice\/#primaryimage"},"image":{"@id":"https:\/\/www.renedejonge.nl\/en\/mortgage-advice\/#primaryimage"},"thumbnailUrl":"http:\/\/renedejonge.nl\/wp-content\/uploads\/2014\/06\/IMG_9374.jpg","datePublished":"2018-07-25T09:48:23+00:00","dateModified":"2023-01-23T12:56:22+00:00","description":"A correct mortgage provides the anticipated financial space. Not only now: later too.Therefore, taking out a mortgage deserves the attention it needs.","breadcrumb":{"@id":"https:\/\/www.renedejonge.nl\/en\/mortgage-advice\/#breadcrumb"},"inLanguage":"en-US","potentialAction":[{"@type":"ReadAction","target":["https:\/\/www.renedejonge.nl\/en\/mortgage-advice\/"]}]},{"@type":"ImageObject","inLanguage":"en-US","@id":"https:\/\/www.renedejonge.nl\/en\/mortgage-advice\/#primaryimage","url":"http:\/\/renedejonge.nl\/wp-content\/uploads\/2014\/06\/IMG_9374.jpg","contentUrl":"http:\/\/renedejonge.nl\/wp-content\/uploads\/2014\/06\/IMG_9374.jpg"},{"@type":"BreadcrumbList","@id":"https:\/\/www.renedejonge.nl\/en\/mortgage-advice\/#breadcrumb","itemListElement":[{"@type":"ListItem","position":1,"name":"Home","item":"https:\/\/www.renedejonge.nl\/en\/"},{"@type":"ListItem","position":2,"name":"Mortgage advice"}]},{"@type":"WebSite","@id":"https:\/\/www.renedejonge.nl\/en\/#website","url":"https:\/\/www.renedejonge.nl\/en\/","name":"Ren\u00e9 de Jonge - Den Haag","description":"H\u00e9t aanspreekpunt voor al uw financi\u00eble zaken","potentialAction":[{"@type":"SearchAction","target":{"@type":"EntryPoint","urlTemplate":"https:\/\/www.renedejonge.nl\/en\/?s={search_term_string}"},"query-input":{"@type":"PropertyValueSpecification","valueRequired":true,"valueName":"search_term_string"}}],"inLanguage":"en-US"}]}},"_links":{"self":[{"href":"https:\/\/www.renedejonge.nl\/en\/wp-json\/wp\/v2\/pages\/566","targetHints":{"allow":["GET"]}}],"collection":[{"href":"https:\/\/www.renedejonge.nl\/en\/wp-json\/wp\/v2\/pages"}],"about":[{"href":"https:\/\/www.renedejonge.nl\/en\/wp-json\/wp\/v2\/types\/page"}],"author":[{"embeddable":true,"href":"https:\/\/www.renedejonge.nl\/en\/wp-json\/wp\/v2\/users\/1"}],"replies":[{"embeddable":true,"href":"https:\/\/www.renedejonge.nl\/en\/wp-json\/wp\/v2\/comments?post=566"}],"version-history":[{"count":6,"href":"https:\/\/www.renedejonge.nl\/en\/wp-json\/wp\/v2\/pages\/566\/revisions"}],"predecessor-version":[{"id":1096,"href":"https:\/\/www.renedejonge.nl\/en\/wp-json\/wp\/v2\/pages\/566\/revisions\/1096"}],"wp:attachment":[{"href":"https:\/\/www.renedejonge.nl\/en\/wp-json\/wp\/v2\/media?parent=566"}],"curies":[{"name":"wp","href":"https:\/\/api.w.org\/{rel}","templated":true}]}}