{"id":586,"date":"2018-07-25T12:02:09","date_gmt":"2018-07-25T11:02:09","guid":{"rendered":"http:\/\/www.renedejonge.nl\/?page_id=586"},"modified":"2023-01-23T14:07:42","modified_gmt":"2023-01-23T13:07:42","slug":"insurance-the-hague","status":"publish","type":"page","link":"https:\/\/www.renedejonge.nl\/en\/insurance-the-hague\/","title":{"rendered":"Insurance the hague"},"content":{"rendered":"<h1>Insurance<\/h1>\n<h2>Portfolio check in The Hague<\/h2>\n<p>A fixed part of our work is the assessment of existing insurance portfolios, both of private individuals and of businesses. In most cases, it is possible to <strong>cut costs<\/strong> and\/or improve the conditions.<\/p>\n<p>We also regularly find dual coverage and\/or gaps. Dual coverage is a waste of money and gaps could be big risks.<\/p>\n<p>We carry out the portfolio audit for you <strong>free of charge<\/strong>. It does not hurt to try. See it as a free second opinion. Our experience shows that in most cases, substantial improvements and cost cuts can be made.<\/p>\n<p>All you have to do is ensure that we have access to your current insurance policies. For this, we need copies of your policies. It is not a problem if these copies are old: with the help of your authorization, we can request recent policy details.<\/p>\n<p>We map everything and advise you on which changes can or should be implemented. If you agree with our proposal, we will arrange for the old contracts to be terminated and for the new contracts to take effect.<\/p>\n<h2 style=\"0color: #c6aa76; font-weight: bold\\&quot;;\">Peace of mind<\/h2>\n<p>Our main objective is to give you <strong>peace of mind<\/strong>. Allow us to take care of your insurance policies and you will hardly ever need to look at them.<\/p>\n<p>Have you suffered damage? Report it to us and we will make sure the claim is handled efficiently. Should a change be made? We will take care of it.<\/p>\n<h2 style=\"0color: #c6aa76; font-weight: bold\\&quot;;\">Your term life insurance<\/h2>\n<p>In terms of insurance for private individuals, the term life insurance policy deserves extra attention. Has your policy been taken out several years ago? If so, let us assess it: because the premiums for these types of insurance have been reduced considerably in recent years, you can often cut significant costs on future premiums.<\/p>\n<p><a href=\"\/en\/contact\">Make an appointment without any obligation<\/a><\/p>\n","protected":false},"excerpt":{"rendered":"<p>Insurance Portfolio check in The Hague A fixed part of our work is the assessment of existing insurance portfolios, both of private individuals and of businesses. In most cases, it is possible to cut costs and\/or improve the conditions. We also regularly find dual coverage and\/or gaps. Dual coverage is a waste of money and&#8230;<\/p>\n","protected":false},"author":1,"featured_media":0,"parent":0,"menu_order":0,"comment_status":"closed","ping_status":"closed","template":"","meta":{"footnotes":""},"class_list":["post-586","page","type-page","status-publish","hentry"],"yoast_head":"<!-- This site is optimized with the Yoast SEO plugin v27.5 - https:\/\/yoast.com\/product\/yoast-seo-wordpress\/ -->\n<title>Insurance the hague - Ren\u00e9 de Jonge - Den Haag<\/title>\n<meta name=\"robots\" content=\"index, follow, max-snippet:-1, max-image-preview:large, max-video-preview:-1\" \/>\n<link rel=\"canonical\" href=\"https:\/\/www.renedejonge.nl\/en\/insurance-the-hague\/\" \/>\n<meta property=\"og:locale\" content=\"en_US\" \/>\n<meta property=\"og:type\" content=\"article\" \/>\n<meta property=\"og:title\" content=\"Insurance the hague - Ren\u00e9 de Jonge - Den Haag\" \/>\n<meta property=\"og:description\" content=\"Insurance Portfolio check in The Hague A fixed part of our work is the assessment of existing insurance portfolios, both of private individuals and of businesses. In most cases, it is possible to cut costs and\/or improve the conditions. We also regularly find dual coverage and\/or gaps. Dual coverage is a waste of money and...\" \/>\n<meta property=\"og:url\" content=\"https:\/\/www.renedejonge.nl\/en\/insurance-the-hague\/\" \/>\n<meta property=\"og:site_name\" content=\"Ren\u00e9 de Jonge - Den Haag\" \/>\n<meta property=\"article:modified_time\" content=\"2023-01-23T13:07:42+00:00\" \/>\n<meta name=\"twitter:card\" content=\"summary_large_image\" \/>\n<meta name=\"twitter:label1\" content=\"Est. reading time\" \/>\n\t<meta name=\"twitter:data1\" content=\"2 minutes\" \/>\n<script type=\"application\/ld+json\" class=\"yoast-schema-graph\">{\"@context\":\"https:\\\/\\\/schema.org\",\"@graph\":[{\"@type\":\"WebPage\",\"@id\":\"https:\\\/\\\/www.renedejonge.nl\\\/en\\\/insurance-the-hague\\\/\",\"url\":\"https:\\\/\\\/www.renedejonge.nl\\\/en\\\/insurance-the-hague\\\/\",\"name\":\"Insurance the hague - Ren\u00e9 de Jonge - Den Haag\",\"isPartOf\":{\"@id\":\"https:\\\/\\\/www.renedejonge.nl\\\/en\\\/#website\"},\"datePublished\":\"2018-07-25T11:02:09+00:00\",\"dateModified\":\"2023-01-23T13:07:42+00:00\",\"breadcrumb\":{\"@id\":\"https:\\\/\\\/www.renedejonge.nl\\\/en\\\/insurance-the-hague\\\/#breadcrumb\"},\"inLanguage\":\"en-US\",\"potentialAction\":[{\"@type\":\"ReadAction\",\"target\":[\"https:\\\/\\\/www.renedejonge.nl\\\/en\\\/insurance-the-hague\\\/\"]}]},{\"@type\":\"BreadcrumbList\",\"@id\":\"https:\\\/\\\/www.renedejonge.nl\\\/en\\\/insurance-the-hague\\\/#breadcrumb\",\"itemListElement\":[{\"@type\":\"ListItem\",\"position\":1,\"name\":\"Home\",\"item\":\"https:\\\/\\\/www.renedejonge.nl\\\/en\\\/\"},{\"@type\":\"ListItem\",\"position\":2,\"name\":\"Insurance the hague\"}]},{\"@type\":\"WebSite\",\"@id\":\"https:\\\/\\\/www.renedejonge.nl\\\/en\\\/#website\",\"url\":\"https:\\\/\\\/www.renedejonge.nl\\\/en\\\/\",\"name\":\"Ren\u00e9 de Jonge - Den Haag\",\"description\":\"H\u00e9t aanspreekpunt voor al uw financi\u00eble zaken\",\"potentialAction\":[{\"@type\":\"SearchAction\",\"target\":{\"@type\":\"EntryPoint\",\"urlTemplate\":\"https:\\\/\\\/www.renedejonge.nl\\\/en\\\/?s={search_term_string}\"},\"query-input\":{\"@type\":\"PropertyValueSpecification\",\"valueRequired\":true,\"valueName\":\"search_term_string\"}}],\"inLanguage\":\"en-US\"}]}<\/script>\n<!-- \/ Yoast SEO plugin. -->","yoast_head_json":{"title":"Insurance the hague - Ren\u00e9 de Jonge - Den Haag","robots":{"index":"index","follow":"follow","max-snippet":"max-snippet:-1","max-image-preview":"max-image-preview:large","max-video-preview":"max-video-preview:-1"},"canonical":"https:\/\/www.renedejonge.nl\/en\/insurance-the-hague\/","og_locale":"en_US","og_type":"article","og_title":"Insurance the hague - Ren\u00e9 de Jonge - Den Haag","og_description":"Insurance Portfolio check in The Hague A fixed part of our work is the assessment of existing insurance portfolios, both of private individuals and of businesses. In most cases, it is possible to cut costs and\/or improve the conditions. We also regularly find dual coverage and\/or gaps. Dual coverage is a waste of money and...","og_url":"https:\/\/www.renedejonge.nl\/en\/insurance-the-hague\/","og_site_name":"Ren\u00e9 de Jonge - Den Haag","article_modified_time":"2023-01-23T13:07:42+00:00","twitter_card":"summary_large_image","twitter_misc":{"Est. reading time":"2 minutes"},"schema":{"@context":"https:\/\/schema.org","@graph":[{"@type":"WebPage","@id":"https:\/\/www.renedejonge.nl\/en\/insurance-the-hague\/","url":"https:\/\/www.renedejonge.nl\/en\/insurance-the-hague\/","name":"Insurance the hague - Ren\u00e9 de Jonge - Den Haag","isPartOf":{"@id":"https:\/\/www.renedejonge.nl\/en\/#website"},"datePublished":"2018-07-25T11:02:09+00:00","dateModified":"2023-01-23T13:07:42+00:00","breadcrumb":{"@id":"https:\/\/www.renedejonge.nl\/en\/insurance-the-hague\/#breadcrumb"},"inLanguage":"en-US","potentialAction":[{"@type":"ReadAction","target":["https:\/\/www.renedejonge.nl\/en\/insurance-the-hague\/"]}]},{"@type":"BreadcrumbList","@id":"https:\/\/www.renedejonge.nl\/en\/insurance-the-hague\/#breadcrumb","itemListElement":[{"@type":"ListItem","position":1,"name":"Home","item":"https:\/\/www.renedejonge.nl\/en\/"},{"@type":"ListItem","position":2,"name":"Insurance the hague"}]},{"@type":"WebSite","@id":"https:\/\/www.renedejonge.nl\/en\/#website","url":"https:\/\/www.renedejonge.nl\/en\/","name":"Ren\u00e9 de Jonge - Den Haag","description":"H\u00e9t aanspreekpunt voor al uw financi\u00eble zaken","potentialAction":[{"@type":"SearchAction","target":{"@type":"EntryPoint","urlTemplate":"https:\/\/www.renedejonge.nl\/en\/?s={search_term_string}"},"query-input":{"@type":"PropertyValueSpecification","valueRequired":true,"valueName":"search_term_string"}}],"inLanguage":"en-US"}]}},"_links":{"self":[{"href":"https:\/\/www.renedejonge.nl\/en\/wp-json\/wp\/v2\/pages\/586","targetHints":{"allow":["GET"]}}],"collection":[{"href":"https:\/\/www.renedejonge.nl\/en\/wp-json\/wp\/v2\/pages"}],"about":[{"href":"https:\/\/www.renedejonge.nl\/en\/wp-json\/wp\/v2\/types\/page"}],"author":[{"embeddable":true,"href":"https:\/\/www.renedejonge.nl\/en\/wp-json\/wp\/v2\/users\/1"}],"replies":[{"embeddable":true,"href":"https:\/\/www.renedejonge.nl\/en\/wp-json\/wp\/v2\/comments?post=586"}],"version-history":[{"count":3,"href":"https:\/\/www.renedejonge.nl\/en\/wp-json\/wp\/v2\/pages\/586\/revisions"}],"predecessor-version":[{"id":1098,"href":"https:\/\/www.renedejonge.nl\/en\/wp-json\/wp\/v2\/pages\/586\/revisions\/1098"}],"wp:attachment":[{"href":"https:\/\/www.renedejonge.nl\/en\/wp-json\/wp\/v2\/media?parent=586"}],"curies":[{"name":"wp","href":"https:\/\/api.w.org\/{rel}","templated":true}]}}