{"id":588,"date":"2018-07-25T12:05:17","date_gmt":"2018-07-25T11:05:17","guid":{"rendered":"http:\/\/www.renedejonge.nl\/?page_id=588"},"modified":"2023-01-23T14:15:15","modified_gmt":"2023-01-23T13:15:15","slug":"divorce-the-hague","status":"publish","type":"page","link":"https:\/\/www.renedejonge.nl\/en\/divorce-the-hague\/","title":{"rendered":"Divorce The Hague"},"content":{"rendered":"<section class=\"l-section wpb_row height_small\"><div class=\"l-section-h i-cf\"><div class=\"g-cols vc_row via_flex valign_top type_default stacking_default\"><div class=\"vc_col-sm-6 wpb_column vc_column_container\"><div class=\"vc_column-inner\"><div class=\"wpb_wrapper\"><div class=\"wpb_text_column\"><div class=\"wpb_wrapper\"><h1>Divorce?<\/h1>\n<h2>Getting along with each other after the divorce: that is what we stand for.<\/h2>\n<p>Separating is difficult enough and a lot is coming your way and settling the mortgage can be tricky, especially if you want to do it well.<br \/>\nWe can help you with this, we know from experience that our help with this can save you unnecessary costs and that is great for both of you.<br \/>\nMail or call for an appointment for a no-obligation introductory meeting at our office<\/p>\n<p>Mail or call us for an appointment for a no-obligation introductory meeting in The Hague.<\/p>\n<p><a href=\"\/en\/contact\">Make an appointment without any obligation<\/a><\/p>\n<\/div><\/div><\/div><\/div><\/div><div class=\"vc_col-sm-6 wpb_column vc_column_container\"><div class=\"vc_column-inner\"><div class=\"wpb_wrapper\"><div class=\"w-image align_none\"><div class=\"w-image-h\"><img decoding=\"async\" width=\"1024\" height=\"682\" src=\"https:\/\/www.renedejonge.nl\/wp-content\/uploads\/2014\/06\/IMG_9420-1024x682.jpg\" class=\"attachment-large size-large\" alt=\"\" loading=\"lazy\" srcset=\"https:\/\/www.renedejonge.nl\/wp-content\/uploads\/2014\/06\/IMG_9420-1024x682.jpg 1024w, https:\/\/www.renedejonge.nl\/wp-content\/uploads\/2014\/06\/IMG_9420-300x200.jpg 300w, https:\/\/www.renedejonge.nl\/wp-content\/uploads\/2014\/06\/IMG_9420-e1403697020540.jpg 600w\" sizes=\"auto, (max-width: 1024px) 100vw, 1024px\" \/><\/div><\/div><\/div><\/div><\/div><\/div><\/div><\/section>\n","protected":false},"excerpt":{"rendered":"Divorce? Getting along with each other after the divorce: that is what we stand for. Separating is difficult enough and a lot is coming your way and settling the mortgage can be tricky, especially if you want to do it well. We can help you with this, we know from experience that our help with...","protected":false},"author":1,"featured_media":0,"parent":0,"menu_order":0,"comment_status":"closed","ping_status":"closed","template":"","meta":{"footnotes":""},"class_list":["post-588","page","type-page","status-publish","hentry"],"yoast_head":"<!-- This site is optimized with the Yoast SEO plugin v27.5 - https:\/\/yoast.com\/product\/yoast-seo-wordpress\/ -->\n<title>Divorce The Hague - Ren\u00e9 de Jonge - Den Haag<\/title>\n<meta name=\"robots\" content=\"index, follow, max-snippet:-1, max-image-preview:large, max-video-preview:-1\" \/>\n<link rel=\"canonical\" href=\"https:\/\/www.renedejonge.nl\/en\/divorce-the-hague\/\" \/>\n<meta property=\"og:locale\" content=\"en_US\" \/>\n<meta property=\"og:type\" content=\"article\" \/>\n<meta property=\"og:title\" content=\"Divorce The Hague - Ren\u00e9 de Jonge - Den Haag\" \/>\n<meta property=\"og:url\" content=\"https:\/\/www.renedejonge.nl\/en\/divorce-the-hague\/\" \/>\n<meta property=\"og:site_name\" content=\"Ren\u00e9 de Jonge - Den Haag\" \/>\n<meta property=\"article:modified_time\" content=\"2023-01-23T13:15:15+00:00\" \/>\n<meta name=\"twitter:card\" content=\"summary_large_image\" \/>\n<meta name=\"twitter:label1\" content=\"Est. reading time\" \/>\n\t<meta name=\"twitter:data1\" content=\"1 minute\" \/>\n<script type=\"application\/ld+json\" class=\"yoast-schema-graph\">{\"@context\":\"https:\\\/\\\/schema.org\",\"@graph\":[{\"@type\":\"WebPage\",\"@id\":\"https:\\\/\\\/www.renedejonge.nl\\\/en\\\/divorce-the-hague\\\/\",\"url\":\"https:\\\/\\\/www.renedejonge.nl\\\/en\\\/divorce-the-hague\\\/\",\"name\":\"Divorce The Hague - Ren\u00e9 de Jonge - Den Haag\",\"isPartOf\":{\"@id\":\"https:\\\/\\\/www.renedejonge.nl\\\/en\\\/#website\"},\"datePublished\":\"2018-07-25T11:05:17+00:00\",\"dateModified\":\"2023-01-23T13:15:15+00:00\",\"breadcrumb\":{\"@id\":\"https:\\\/\\\/www.renedejonge.nl\\\/en\\\/divorce-the-hague\\\/#breadcrumb\"},\"inLanguage\":\"en-US\",\"potentialAction\":[{\"@type\":\"ReadAction\",\"target\":[\"https:\\\/\\\/www.renedejonge.nl\\\/en\\\/divorce-the-hague\\\/\"]}]},{\"@type\":\"BreadcrumbList\",\"@id\":\"https:\\\/\\\/www.renedejonge.nl\\\/en\\\/divorce-the-hague\\\/#breadcrumb\",\"itemListElement\":[{\"@type\":\"ListItem\",\"position\":1,\"name\":\"Home\",\"item\":\"https:\\\/\\\/www.renedejonge.nl\\\/en\\\/\"},{\"@type\":\"ListItem\",\"position\":2,\"name\":\"Divorce The Hague\"}]},{\"@type\":\"WebSite\",\"@id\":\"https:\\\/\\\/www.renedejonge.nl\\\/en\\\/#website\",\"url\":\"https:\\\/\\\/www.renedejonge.nl\\\/en\\\/\",\"name\":\"Ren\u00e9 de Jonge - Den Haag\",\"description\":\"H\u00e9t aanspreekpunt voor al uw financi\u00eble zaken\",\"potentialAction\":[{\"@type\":\"SearchAction\",\"target\":{\"@type\":\"EntryPoint\",\"urlTemplate\":\"https:\\\/\\\/www.renedejonge.nl\\\/en\\\/?s={search_term_string}\"},\"query-input\":{\"@type\":\"PropertyValueSpecification\",\"valueRequired\":true,\"valueName\":\"search_term_string\"}}],\"inLanguage\":\"en-US\"}]}<\/script>\n<!-- \/ Yoast SEO plugin. -->","yoast_head_json":{"title":"Divorce The Hague - Ren\u00e9 de Jonge - Den Haag","robots":{"index":"index","follow":"follow","max-snippet":"max-snippet:-1","max-image-preview":"max-image-preview:large","max-video-preview":"max-video-preview:-1"},"canonical":"https:\/\/www.renedejonge.nl\/en\/divorce-the-hague\/","og_locale":"en_US","og_type":"article","og_title":"Divorce The Hague - Ren\u00e9 de Jonge - Den Haag","og_url":"https:\/\/www.renedejonge.nl\/en\/divorce-the-hague\/","og_site_name":"Ren\u00e9 de Jonge - Den Haag","article_modified_time":"2023-01-23T13:15:15+00:00","twitter_card":"summary_large_image","twitter_misc":{"Est. reading time":"1 minute"},"schema":{"@context":"https:\/\/schema.org","@graph":[{"@type":"WebPage","@id":"https:\/\/www.renedejonge.nl\/en\/divorce-the-hague\/","url":"https:\/\/www.renedejonge.nl\/en\/divorce-the-hague\/","name":"Divorce The Hague - Ren\u00e9 de Jonge - Den Haag","isPartOf":{"@id":"https:\/\/www.renedejonge.nl\/en\/#website"},"datePublished":"2018-07-25T11:05:17+00:00","dateModified":"2023-01-23T13:15:15+00:00","breadcrumb":{"@id":"https:\/\/www.renedejonge.nl\/en\/divorce-the-hague\/#breadcrumb"},"inLanguage":"en-US","potentialAction":[{"@type":"ReadAction","target":["https:\/\/www.renedejonge.nl\/en\/divorce-the-hague\/"]}]},{"@type":"BreadcrumbList","@id":"https:\/\/www.renedejonge.nl\/en\/divorce-the-hague\/#breadcrumb","itemListElement":[{"@type":"ListItem","position":1,"name":"Home","item":"https:\/\/www.renedejonge.nl\/en\/"},{"@type":"ListItem","position":2,"name":"Divorce The Hague"}]},{"@type":"WebSite","@id":"https:\/\/www.renedejonge.nl\/en\/#website","url":"https:\/\/www.renedejonge.nl\/en\/","name":"Ren\u00e9 de Jonge - Den Haag","description":"H\u00e9t aanspreekpunt voor al uw financi\u00eble zaken","potentialAction":[{"@type":"SearchAction","target":{"@type":"EntryPoint","urlTemplate":"https:\/\/www.renedejonge.nl\/en\/?s={search_term_string}"},"query-input":{"@type":"PropertyValueSpecification","valueRequired":true,"valueName":"search_term_string"}}],"inLanguage":"en-US"}]}},"_links":{"self":[{"href":"https:\/\/www.renedejonge.nl\/en\/wp-json\/wp\/v2\/pages\/588","targetHints":{"allow":["GET"]}}],"collection":[{"href":"https:\/\/www.renedejonge.nl\/en\/wp-json\/wp\/v2\/pages"}],"about":[{"href":"https:\/\/www.renedejonge.nl\/en\/wp-json\/wp\/v2\/types\/page"}],"author":[{"embeddable":true,"href":"https:\/\/www.renedejonge.nl\/en\/wp-json\/wp\/v2\/users\/1"}],"replies":[{"embeddable":true,"href":"https:\/\/www.renedejonge.nl\/en\/wp-json\/wp\/v2\/comments?post=588"}],"version-history":[{"count":5,"href":"https:\/\/www.renedejonge.nl\/en\/wp-json\/wp\/v2\/pages\/588\/revisions"}],"predecessor-version":[{"id":1104,"href":"https:\/\/www.renedejonge.nl\/en\/wp-json\/wp\/v2\/pages\/588\/revisions\/1104"}],"wp:attachment":[{"href":"https:\/\/www.renedejonge.nl\/en\/wp-json\/wp\/v2\/media?parent=588"}],"curies":[{"name":"wp","href":"https:\/\/api.w.org\/{rel}","templated":true}]}}