{"id":599,"date":"2018-07-25T12:31:09","date_gmt":"2018-07-25T11:31:09","guid":{"rendered":"http:\/\/www.renedejonge.nl\/?page_id=599"},"modified":"2023-01-23T14:18:23","modified_gmt":"2023-01-23T13:18:23","slug":"occupational-disability-insurance","status":"publish","type":"page","link":"https:\/\/www.renedejonge.nl\/en\/entrepreneur\/occupational-disability-insurance\/","title":{"rendered":"Occupational Disability Insurance"},"content":{"rendered":"<p><dh1Occupational Disability Insurance<\/h1>\n<p>With respect to business insurance policies, the occupational disability insurance of the entrepreneur deserves extra attention. Significant costs can be cut when it comes to contracts that have already taken effect several years ago.<\/p>\n<p>We can examine for you whether you can cut costs on your insurance.<\/p>\n<p>Naturally, we ensure that you quickly earn back what we cost.<\/p>\n<p><a href=\"\/en\/contact\">Make an appointment without any obligation<\/a><\/p>\n","protected":false},"excerpt":{"rendered":"","protected":false},"author":1,"featured_media":0,"parent":594,"menu_order":0,"comment_status":"closed","ping_status":"closed","template":"","meta":{"footnotes":""},"class_list":["post-599","page","type-page","status-publish","hentry"],"yoast_head":"<!-- This site is optimized with the Yoast SEO plugin v27.6 - https:\/\/yoast.com\/product\/yoast-seo-wordpress\/ -->\n<title>Occupational Disability Insurance - Ren\u00e9 de Jonge - Den Haag<\/title>\n<meta name=\"robots\" content=\"index, follow, max-snippet:-1, max-image-preview:large, max-video-preview:-1\" \/>\n<link rel=\"canonical\" href=\"https:\/\/www.renedejonge.nl\/en\/entrepreneur\/occupational-disability-insurance\/\" \/>\n<meta property=\"og:locale\" content=\"en_US\" \/>\n<meta property=\"og:type\" content=\"article\" \/>\n<meta property=\"og:title\" content=\"Occupational Disability Insurance - Ren\u00e9 de Jonge - Den Haag\" \/>\n<meta property=\"og:url\" content=\"https:\/\/www.renedejonge.nl\/en\/entrepreneur\/occupational-disability-insurance\/\" \/>\n<meta property=\"og:site_name\" content=\"Ren\u00e9 de Jonge - Den Haag\" \/>\n<meta property=\"article:modified_time\" content=\"2023-01-23T13:18:23+00:00\" \/>\n<meta name=\"twitter:card\" content=\"summary_large_image\" \/>\n<meta name=\"twitter:label1\" content=\"Est. reading time\" \/>\n\t<meta name=\"twitter:data1\" content=\"1 minute\" \/>\n<script type=\"application\/ld+json\" class=\"yoast-schema-graph\">{\"@context\":\"https:\\\/\\\/schema.org\",\"@graph\":[{\"@type\":\"WebPage\",\"@id\":\"https:\\\/\\\/www.renedejonge.nl\\\/en\\\/entrepreneur\\\/occupational-disability-insurance\\\/\",\"url\":\"https:\\\/\\\/www.renedejonge.nl\\\/en\\\/entrepreneur\\\/occupational-disability-insurance\\\/\",\"name\":\"Occupational Disability Insurance - Ren\u00e9 de Jonge - Den Haag\",\"isPartOf\":{\"@id\":\"https:\\\/\\\/www.renedejonge.nl\\\/en\\\/#website\"},\"datePublished\":\"2018-07-25T11:31:09+00:00\",\"dateModified\":\"2023-01-23T13:18:23+00:00\",\"breadcrumb\":{\"@id\":\"https:\\\/\\\/www.renedejonge.nl\\\/en\\\/entrepreneur\\\/occupational-disability-insurance\\\/#breadcrumb\"},\"inLanguage\":\"en-US\",\"potentialAction\":[{\"@type\":\"ReadAction\",\"target\":[\"https:\\\/\\\/www.renedejonge.nl\\\/en\\\/entrepreneur\\\/occupational-disability-insurance\\\/\"]}]},{\"@type\":\"BreadcrumbList\",\"@id\":\"https:\\\/\\\/www.renedejonge.nl\\\/en\\\/entrepreneur\\\/occupational-disability-insurance\\\/#breadcrumb\",\"itemListElement\":[{\"@type\":\"ListItem\",\"position\":1,\"name\":\"Home\",\"item\":\"https:\\\/\\\/www.renedejonge.nl\\\/en\\\/\"},{\"@type\":\"ListItem\",\"position\":2,\"name\":\"You are an entrepreneur\",\"item\":\"https:\\\/\\\/www.renedejonge.nl\\\/en\\\/entrepreneur\\\/\"},{\"@type\":\"ListItem\",\"position\":3,\"name\":\"Occupational Disability Insurance\"}]},{\"@type\":\"WebSite\",\"@id\":\"https:\\\/\\\/www.renedejonge.nl\\\/en\\\/#website\",\"url\":\"https:\\\/\\\/www.renedejonge.nl\\\/en\\\/\",\"name\":\"Ren\u00e9 de Jonge - Den Haag\",\"description\":\"H\u00e9t aanspreekpunt voor al uw financi\u00eble zaken\",\"potentialAction\":[{\"@type\":\"SearchAction\",\"target\":{\"@type\":\"EntryPoint\",\"urlTemplate\":\"https:\\\/\\\/www.renedejonge.nl\\\/en\\\/?s={search_term_string}\"},\"query-input\":{\"@type\":\"PropertyValueSpecification\",\"valueRequired\":true,\"valueName\":\"search_term_string\"}}],\"inLanguage\":\"en-US\"}]}<\/script>\n<!-- \/ Yoast SEO plugin. -->","yoast_head_json":{"title":"Occupational Disability Insurance - Ren\u00e9 de Jonge - Den Haag","robots":{"index":"index","follow":"follow","max-snippet":"max-snippet:-1","max-image-preview":"max-image-preview:large","max-video-preview":"max-video-preview:-1"},"canonical":"https:\/\/www.renedejonge.nl\/en\/entrepreneur\/occupational-disability-insurance\/","og_locale":"en_US","og_type":"article","og_title":"Occupational Disability Insurance - Ren\u00e9 de Jonge - Den Haag","og_url":"https:\/\/www.renedejonge.nl\/en\/entrepreneur\/occupational-disability-insurance\/","og_site_name":"Ren\u00e9 de Jonge - Den Haag","article_modified_time":"2023-01-23T13:18:23+00:00","twitter_card":"summary_large_image","twitter_misc":{"Est. reading time":"1 minute"},"schema":{"@context":"https:\/\/schema.org","@graph":[{"@type":"WebPage","@id":"https:\/\/www.renedejonge.nl\/en\/entrepreneur\/occupational-disability-insurance\/","url":"https:\/\/www.renedejonge.nl\/en\/entrepreneur\/occupational-disability-insurance\/","name":"Occupational Disability Insurance - Ren\u00e9 de Jonge - Den Haag","isPartOf":{"@id":"https:\/\/www.renedejonge.nl\/en\/#website"},"datePublished":"2018-07-25T11:31:09+00:00","dateModified":"2023-01-23T13:18:23+00:00","breadcrumb":{"@id":"https:\/\/www.renedejonge.nl\/en\/entrepreneur\/occupational-disability-insurance\/#breadcrumb"},"inLanguage":"en-US","potentialAction":[{"@type":"ReadAction","target":["https:\/\/www.renedejonge.nl\/en\/entrepreneur\/occupational-disability-insurance\/"]}]},{"@type":"BreadcrumbList","@id":"https:\/\/www.renedejonge.nl\/en\/entrepreneur\/occupational-disability-insurance\/#breadcrumb","itemListElement":[{"@type":"ListItem","position":1,"name":"Home","item":"https:\/\/www.renedejonge.nl\/en\/"},{"@type":"ListItem","position":2,"name":"You are an entrepreneur","item":"https:\/\/www.renedejonge.nl\/en\/entrepreneur\/"},{"@type":"ListItem","position":3,"name":"Occupational Disability Insurance"}]},{"@type":"WebSite","@id":"https:\/\/www.renedejonge.nl\/en\/#website","url":"https:\/\/www.renedejonge.nl\/en\/","name":"Ren\u00e9 de Jonge - Den Haag","description":"H\u00e9t aanspreekpunt voor al uw financi\u00eble zaken","potentialAction":[{"@type":"SearchAction","target":{"@type":"EntryPoint","urlTemplate":"https:\/\/www.renedejonge.nl\/en\/?s={search_term_string}"},"query-input":{"@type":"PropertyValueSpecification","valueRequired":true,"valueName":"search_term_string"}}],"inLanguage":"en-US"}]}},"_links":{"self":[{"href":"https:\/\/www.renedejonge.nl\/en\/wp-json\/wp\/v2\/pages\/599","targetHints":{"allow":["GET"]}}],"collection":[{"href":"https:\/\/www.renedejonge.nl\/en\/wp-json\/wp\/v2\/pages"}],"about":[{"href":"https:\/\/www.renedejonge.nl\/en\/wp-json\/wp\/v2\/types\/page"}],"author":[{"embeddable":true,"href":"https:\/\/www.renedejonge.nl\/en\/wp-json\/wp\/v2\/users\/1"}],"replies":[{"embeddable":true,"href":"https:\/\/www.renedejonge.nl\/en\/wp-json\/wp\/v2\/comments?post=599"}],"version-history":[{"count":3,"href":"https:\/\/www.renedejonge.nl\/en\/wp-json\/wp\/v2\/pages\/599\/revisions"}],"predecessor-version":[{"id":1107,"href":"https:\/\/www.renedejonge.nl\/en\/wp-json\/wp\/v2\/pages\/599\/revisions\/1107"}],"up":[{"embeddable":true,"href":"https:\/\/www.renedejonge.nl\/en\/wp-json\/wp\/v2\/pages\/594"}],"wp:attachment":[{"href":"https:\/\/www.renedejonge.nl\/en\/wp-json\/wp\/v2\/media?parent=599"}],"curies":[{"name":"wp","href":"https:\/\/api.w.org\/{rel}","templated":true}]}}