{"id":605,"date":"2018-07-25T13:16:18","date_gmt":"2018-07-25T12:16:18","guid":{"rendered":"http:\/\/www.renedejonge.nl\/?page_id=605"},"modified":"2023-01-23T14:22:13","modified_gmt":"2023-01-23T13:22:13","slug":"mortgage-advice-entrepreneur","status":"publish","type":"page","link":"https:\/\/www.renedejonge.nl\/en\/entrepreneur\/mortgage-advice-entrepreneur\/","title":{"rendered":"Mortgage advice entrepreneur"},"content":{"rendered":"<h1>Mortgage advice entrepreneur<\/h1>\n<h2>Mortgage for the entrepreneur<\/h2>\n<p>You are good at doing business and we are good at mortgage advice. We would be happy to be the expert partner who provides you with proper mortgage advice. Fortunately, we have the right contacts at banks. They are truly worth gold, which shows again and again. Our creativity and perseverance make this the ideal mix to really make a difference when taking care of your mortgage.<\/p>\n<h4>A customer speaks<\/h4>\n<blockquote><p>To be able to buy our dream home, we had meetings with mortgage advisers from various banks. Because I am self-employed in The Hague, they were all very hesitant and advised me \u201cto come back in a few years.\u201d Through a partner, I then met Ren\u00e9 de Jonge. He was finally able to help me with the mortgage. Where others stopped, Rene saw the challenge and went the extra mile that was required. He also advised us on insurance policies and how to arrange this best. A One-Stop office.<\/p><\/blockquote>\n<p><a href=\"\/en\/contact\">Make an appointment without any obligation<\/a><\/p>\n","protected":false},"excerpt":{"rendered":"<p>Mortgage advice entrepreneur Mortgage for the entrepreneur You are good at doing business and we are good at mortgage advice. We would be happy to be the expert partner who provides you with proper mortgage advice. Fortunately, we have the right contacts at banks. They are truly worth gold, which shows again and again. Our&#8230;<\/p>\n","protected":false},"author":1,"featured_media":0,"parent":594,"menu_order":0,"comment_status":"closed","ping_status":"closed","template":"","meta":{"footnotes":""},"class_list":["post-605","page","type-page","status-publish","hentry"],"yoast_head":"<!-- This site is optimized with the Yoast SEO plugin v27.5 - https:\/\/yoast.com\/product\/yoast-seo-wordpress\/ -->\n<title>Mortgage advice entrepreneur - Ren\u00e9 de Jonge - Den Haag<\/title>\n<meta name=\"robots\" content=\"index, follow, max-snippet:-1, max-image-preview:large, max-video-preview:-1\" \/>\n<link rel=\"canonical\" href=\"https:\/\/www.renedejonge.nl\/en\/entrepreneur\/mortgage-advice-entrepreneur\/\" \/>\n<meta property=\"og:locale\" content=\"en_US\" \/>\n<meta property=\"og:type\" content=\"article\" \/>\n<meta property=\"og:title\" content=\"Mortgage advice entrepreneur - Ren\u00e9 de Jonge - Den Haag\" \/>\n<meta property=\"og:description\" content=\"Mortgage advice entrepreneur Mortgage for the entrepreneur You are good at doing business and we are good at mortgage advice. We would be happy to be the expert partner who provides you with proper mortgage advice. Fortunately, we have the right contacts at banks. They are truly worth gold, which shows again and again. Our...\" \/>\n<meta property=\"og:url\" content=\"https:\/\/www.renedejonge.nl\/en\/entrepreneur\/mortgage-advice-entrepreneur\/\" \/>\n<meta property=\"og:site_name\" content=\"Ren\u00e9 de Jonge - Den Haag\" \/>\n<meta property=\"article:modified_time\" content=\"2023-01-23T13:22:13+00:00\" \/>\n<meta name=\"twitter:card\" content=\"summary_large_image\" \/>\n<meta name=\"twitter:label1\" content=\"Est. reading time\" \/>\n\t<meta name=\"twitter:data1\" content=\"1 minute\" \/>\n<script type=\"application\/ld+json\" class=\"yoast-schema-graph\">{\"@context\":\"https:\\\/\\\/schema.org\",\"@graph\":[{\"@type\":\"WebPage\",\"@id\":\"https:\\\/\\\/www.renedejonge.nl\\\/en\\\/entrepreneur\\\/mortgage-advice-entrepreneur\\\/\",\"url\":\"https:\\\/\\\/www.renedejonge.nl\\\/en\\\/entrepreneur\\\/mortgage-advice-entrepreneur\\\/\",\"name\":\"Mortgage advice entrepreneur - Ren\u00e9 de Jonge - Den Haag\",\"isPartOf\":{\"@id\":\"https:\\\/\\\/www.renedejonge.nl\\\/en\\\/#website\"},\"datePublished\":\"2018-07-25T12:16:18+00:00\",\"dateModified\":\"2023-01-23T13:22:13+00:00\",\"breadcrumb\":{\"@id\":\"https:\\\/\\\/www.renedejonge.nl\\\/en\\\/entrepreneur\\\/mortgage-advice-entrepreneur\\\/#breadcrumb\"},\"inLanguage\":\"en-US\",\"potentialAction\":[{\"@type\":\"ReadAction\",\"target\":[\"https:\\\/\\\/www.renedejonge.nl\\\/en\\\/entrepreneur\\\/mortgage-advice-entrepreneur\\\/\"]}]},{\"@type\":\"BreadcrumbList\",\"@id\":\"https:\\\/\\\/www.renedejonge.nl\\\/en\\\/entrepreneur\\\/mortgage-advice-entrepreneur\\\/#breadcrumb\",\"itemListElement\":[{\"@type\":\"ListItem\",\"position\":1,\"name\":\"Home\",\"item\":\"https:\\\/\\\/www.renedejonge.nl\\\/en\\\/\"},{\"@type\":\"ListItem\",\"position\":2,\"name\":\"You are an entrepreneur\",\"item\":\"https:\\\/\\\/www.renedejonge.nl\\\/en\\\/entrepreneur\\\/\"},{\"@type\":\"ListItem\",\"position\":3,\"name\":\"Mortgage advice entrepreneur\"}]},{\"@type\":\"WebSite\",\"@id\":\"https:\\\/\\\/www.renedejonge.nl\\\/en\\\/#website\",\"url\":\"https:\\\/\\\/www.renedejonge.nl\\\/en\\\/\",\"name\":\"Ren\u00e9 de Jonge - Den Haag\",\"description\":\"H\u00e9t aanspreekpunt voor al uw financi\u00eble zaken\",\"potentialAction\":[{\"@type\":\"SearchAction\",\"target\":{\"@type\":\"EntryPoint\",\"urlTemplate\":\"https:\\\/\\\/www.renedejonge.nl\\\/en\\\/?s={search_term_string}\"},\"query-input\":{\"@type\":\"PropertyValueSpecification\",\"valueRequired\":true,\"valueName\":\"search_term_string\"}}],\"inLanguage\":\"en-US\"}]}<\/script>\n<!-- \/ Yoast SEO plugin. -->","yoast_head_json":{"title":"Mortgage advice entrepreneur - Ren\u00e9 de Jonge - Den Haag","robots":{"index":"index","follow":"follow","max-snippet":"max-snippet:-1","max-image-preview":"max-image-preview:large","max-video-preview":"max-video-preview:-1"},"canonical":"https:\/\/www.renedejonge.nl\/en\/entrepreneur\/mortgage-advice-entrepreneur\/","og_locale":"en_US","og_type":"article","og_title":"Mortgage advice entrepreneur - Ren\u00e9 de Jonge - Den Haag","og_description":"Mortgage advice entrepreneur Mortgage for the entrepreneur You are good at doing business and we are good at mortgage advice. We would be happy to be the expert partner who provides you with proper mortgage advice. Fortunately, we have the right contacts at banks. They are truly worth gold, which shows again and again. Our...","og_url":"https:\/\/www.renedejonge.nl\/en\/entrepreneur\/mortgage-advice-entrepreneur\/","og_site_name":"Ren\u00e9 de Jonge - Den Haag","article_modified_time":"2023-01-23T13:22:13+00:00","twitter_card":"summary_large_image","twitter_misc":{"Est. reading time":"1 minute"},"schema":{"@context":"https:\/\/schema.org","@graph":[{"@type":"WebPage","@id":"https:\/\/www.renedejonge.nl\/en\/entrepreneur\/mortgage-advice-entrepreneur\/","url":"https:\/\/www.renedejonge.nl\/en\/entrepreneur\/mortgage-advice-entrepreneur\/","name":"Mortgage advice entrepreneur - Ren\u00e9 de Jonge - Den Haag","isPartOf":{"@id":"https:\/\/www.renedejonge.nl\/en\/#website"},"datePublished":"2018-07-25T12:16:18+00:00","dateModified":"2023-01-23T13:22:13+00:00","breadcrumb":{"@id":"https:\/\/www.renedejonge.nl\/en\/entrepreneur\/mortgage-advice-entrepreneur\/#breadcrumb"},"inLanguage":"en-US","potentialAction":[{"@type":"ReadAction","target":["https:\/\/www.renedejonge.nl\/en\/entrepreneur\/mortgage-advice-entrepreneur\/"]}]},{"@type":"BreadcrumbList","@id":"https:\/\/www.renedejonge.nl\/en\/entrepreneur\/mortgage-advice-entrepreneur\/#breadcrumb","itemListElement":[{"@type":"ListItem","position":1,"name":"Home","item":"https:\/\/www.renedejonge.nl\/en\/"},{"@type":"ListItem","position":2,"name":"You are an entrepreneur","item":"https:\/\/www.renedejonge.nl\/en\/entrepreneur\/"},{"@type":"ListItem","position":3,"name":"Mortgage advice entrepreneur"}]},{"@type":"WebSite","@id":"https:\/\/www.renedejonge.nl\/en\/#website","url":"https:\/\/www.renedejonge.nl\/en\/","name":"Ren\u00e9 de Jonge - Den Haag","description":"H\u00e9t aanspreekpunt voor al uw financi\u00eble zaken","potentialAction":[{"@type":"SearchAction","target":{"@type":"EntryPoint","urlTemplate":"https:\/\/www.renedejonge.nl\/en\/?s={search_term_string}"},"query-input":{"@type":"PropertyValueSpecification","valueRequired":true,"valueName":"search_term_string"}}],"inLanguage":"en-US"}]}},"_links":{"self":[{"href":"https:\/\/www.renedejonge.nl\/en\/wp-json\/wp\/v2\/pages\/605","targetHints":{"allow":["GET"]}}],"collection":[{"href":"https:\/\/www.renedejonge.nl\/en\/wp-json\/wp\/v2\/pages"}],"about":[{"href":"https:\/\/www.renedejonge.nl\/en\/wp-json\/wp\/v2\/types\/page"}],"author":[{"embeddable":true,"href":"https:\/\/www.renedejonge.nl\/en\/wp-json\/wp\/v2\/users\/1"}],"replies":[{"embeddable":true,"href":"https:\/\/www.renedejonge.nl\/en\/wp-json\/wp\/v2\/comments?post=605"}],"version-history":[{"count":3,"href":"https:\/\/www.renedejonge.nl\/en\/wp-json\/wp\/v2\/pages\/605\/revisions"}],"predecessor-version":[{"id":1111,"href":"https:\/\/www.renedejonge.nl\/en\/wp-json\/wp\/v2\/pages\/605\/revisions\/1111"}],"up":[{"embeddable":true,"href":"https:\/\/www.renedejonge.nl\/en\/wp-json\/wp\/v2\/pages\/594"}],"wp:attachment":[{"href":"https:\/\/www.renedejonge.nl\/en\/wp-json\/wp\/v2\/media?parent=605"}],"curies":[{"name":"wp","href":"https:\/\/api.w.org\/{rel}","templated":true}]}}