{"id":612,"date":"2018-07-25T13:28:45","date_gmt":"2018-07-25T12:28:45","guid":{"rendered":"http:\/\/www.renedejonge.nl\/?page_id=612"},"modified":"2023-01-23T14:25:56","modified_gmt":"2023-01-23T13:25:56","slug":"working-method","status":"publish","type":"page","link":"https:\/\/www.renedejonge.nl\/en\/working-method\/","title":{"rendered":"Working method"},"content":{"rendered":"<section class=\"l-section wpb_row height_small\"><div class=\"l-section-h i-cf\"><div class=\"g-cols vc_row via_flex valign_top type_default stacking_default\"><div class=\"vc_col-sm-6 wpb_column vc_column_container\"><div class=\"vc_column-inner\"><div class=\"wpb_wrapper\"><div class=\"wpb_text_column\"><div class=\"wpb_wrapper\"><h1Working method<\/h1>\n<h2>Our working method is simple and clear:<\/h2>\n<p>First, we meet to get acquainted with one another. This meeting is without any obligation and free of charge. In this first meeting, we discuss what we can do for you. What exactly are your questions? On what points do you need advice? Financing a house? A term death insurance? Just a second opinion? Would you like to retire sooner? Do you feel the need to bring order to the jumble of all the policies, loans, savings accounts, and pension schemes that you have collected over the years? Here, you can put everything on the table.<\/p>\n<p>The first interview is also to get a picture of your situation and your wishes. Then, we can make an appropriate proposal. We indicate on which issues we advise you and what this will cost you. The better we know about your situation, the more accurately we can do this. If you agree with the proposal, we will start working with you. You will gain insight into your existing financial and fiscal position. Together, we look at what you can best do in your specific situation. For example, we explain how you can better align your mortgage, pension scheme, insurance policies, and investments with your plans. Based on this advice, you know what your options are and whether your wishes and plans are feasible.<\/p>\n<p>We think it is important that we communicate this to you well. We keep you informed during the process and your questions are very welcome. In a written report, we try to explain as clearly as possible what we have done for you, what we have discussed, and what solutions there are to your questions.<\/p>\n<p>If you wish, we can also assist you in implementing the right solution for the advice. We are happy to make your life easier. This way, you do not have to go to another adviser or bank. That also makes it cheaper because we already know your file.<\/p>\n<p>If the process is completed satisfactorily, we will make agreements with you on how we can maintain the advice and your financial situation.<\/p>\n<h2>Our price?<\/h2>\n<p><strong>Our price is not too bad as you will experience. An advice is only successful if it offers a return on your investment. Feel free to <a href=\"\/en\/contact\">stop by without any obligation<\/a> and free of charge.<\/strong><\/p>\n<\/div><\/div><\/div><\/div><\/div><div class=\"vc_col-sm-6 wpb_column vc_column_container\"><div class=\"vc_column-inner\"><div class=\"wpb_wrapper\"><div class=\"w-image align_none\"><div class=\"w-image-h\"><img decoding=\"async\" width=\"533\" height=\"800\" src=\"https:\/\/www.renedejonge.nl\/wp-content\/uploads\/2014\/06\/IMG_9379.jpg\" class=\"attachment-large size-large\" alt=\"\" loading=\"lazy\" srcset=\"https:\/\/www.renedejonge.nl\/wp-content\/uploads\/2014\/06\/IMG_9379.jpg 533w, https:\/\/www.renedejonge.nl\/wp-content\/uploads\/2014\/06\/IMG_9379-199x300.jpg 199w\" sizes=\"auto, (max-width: 533px) 100vw, 533px\" \/><\/div><\/div><\/div><\/div><\/div><\/div><\/div><\/section>\n","protected":false},"excerpt":{"rendered":"","protected":false},"author":1,"featured_media":0,"parent":0,"menu_order":0,"comment_status":"closed","ping_status":"closed","template":"","meta":{"footnotes":""},"class_list":["post-612","page","type-page","status-publish","hentry"],"yoast_head":"<!-- This site is optimized with the Yoast SEO plugin v27.6 - https:\/\/yoast.com\/product\/yoast-seo-wordpress\/ -->\n<title>Working method - Ren\u00e9 de Jonge - Den Haag<\/title>\n<meta name=\"robots\" content=\"index, follow, max-snippet:-1, max-image-preview:large, max-video-preview:-1\" \/>\n<link rel=\"canonical\" href=\"https:\/\/www.renedejonge.nl\/en\/working-method\/\" \/>\n<meta property=\"og:locale\" content=\"en_US\" \/>\n<meta property=\"og:type\" content=\"article\" \/>\n<meta property=\"og:title\" content=\"Working method - Ren\u00e9 de Jonge - Den Haag\" \/>\n<meta property=\"og:url\" content=\"https:\/\/www.renedejonge.nl\/en\/working-method\/\" \/>\n<meta property=\"og:site_name\" content=\"Ren\u00e9 de Jonge - Den Haag\" \/>\n<meta property=\"article:modified_time\" content=\"2023-01-23T13:25:56+00:00\" \/>\n<meta name=\"twitter:card\" content=\"summary_large_image\" \/>\n<meta name=\"twitter:label1\" content=\"Est. reading time\" \/>\n\t<meta name=\"twitter:data1\" content=\"3 minutes\" \/>\n<script type=\"application\/ld+json\" class=\"yoast-schema-graph\">{\"@context\":\"https:\\\/\\\/schema.org\",\"@graph\":[{\"@type\":\"WebPage\",\"@id\":\"https:\\\/\\\/www.renedejonge.nl\\\/en\\\/working-method\\\/\",\"url\":\"https:\\\/\\\/www.renedejonge.nl\\\/en\\\/working-method\\\/\",\"name\":\"Working method - Ren\u00e9 de Jonge - Den Haag\",\"isPartOf\":{\"@id\":\"https:\\\/\\\/www.renedejonge.nl\\\/en\\\/#website\"},\"datePublished\":\"2018-07-25T12:28:45+00:00\",\"dateModified\":\"2023-01-23T13:25:56+00:00\",\"breadcrumb\":{\"@id\":\"https:\\\/\\\/www.renedejonge.nl\\\/en\\\/working-method\\\/#breadcrumb\"},\"inLanguage\":\"en-US\",\"potentialAction\":[{\"@type\":\"ReadAction\",\"target\":[\"https:\\\/\\\/www.renedejonge.nl\\\/en\\\/working-method\\\/\"]}]},{\"@type\":\"BreadcrumbList\",\"@id\":\"https:\\\/\\\/www.renedejonge.nl\\\/en\\\/working-method\\\/#breadcrumb\",\"itemListElement\":[{\"@type\":\"ListItem\",\"position\":1,\"name\":\"Home\",\"item\":\"https:\\\/\\\/www.renedejonge.nl\\\/en\\\/\"},{\"@type\":\"ListItem\",\"position\":2,\"name\":\"Working method\"}]},{\"@type\":\"WebSite\",\"@id\":\"https:\\\/\\\/www.renedejonge.nl\\\/en\\\/#website\",\"url\":\"https:\\\/\\\/www.renedejonge.nl\\\/en\\\/\",\"name\":\"Ren\u00e9 de Jonge - Den Haag\",\"description\":\"H\u00e9t aanspreekpunt voor al uw financi\u00eble zaken\",\"potentialAction\":[{\"@type\":\"SearchAction\",\"target\":{\"@type\":\"EntryPoint\",\"urlTemplate\":\"https:\\\/\\\/www.renedejonge.nl\\\/en\\\/?s={search_term_string}\"},\"query-input\":{\"@type\":\"PropertyValueSpecification\",\"valueRequired\":true,\"valueName\":\"search_term_string\"}}],\"inLanguage\":\"en-US\"}]}<\/script>\n<!-- \/ Yoast SEO plugin. -->","yoast_head_json":{"title":"Working method - Ren\u00e9 de Jonge - Den Haag","robots":{"index":"index","follow":"follow","max-snippet":"max-snippet:-1","max-image-preview":"max-image-preview:large","max-video-preview":"max-video-preview:-1"},"canonical":"https:\/\/www.renedejonge.nl\/en\/working-method\/","og_locale":"en_US","og_type":"article","og_title":"Working method - Ren\u00e9 de Jonge - Den Haag","og_url":"https:\/\/www.renedejonge.nl\/en\/working-method\/","og_site_name":"Ren\u00e9 de Jonge - Den Haag","article_modified_time":"2023-01-23T13:25:56+00:00","twitter_card":"summary_large_image","twitter_misc":{"Est. reading time":"3 minutes"},"schema":{"@context":"https:\/\/schema.org","@graph":[{"@type":"WebPage","@id":"https:\/\/www.renedejonge.nl\/en\/working-method\/","url":"https:\/\/www.renedejonge.nl\/en\/working-method\/","name":"Working method - Ren\u00e9 de Jonge - Den Haag","isPartOf":{"@id":"https:\/\/www.renedejonge.nl\/en\/#website"},"datePublished":"2018-07-25T12:28:45+00:00","dateModified":"2023-01-23T13:25:56+00:00","breadcrumb":{"@id":"https:\/\/www.renedejonge.nl\/en\/working-method\/#breadcrumb"},"inLanguage":"en-US","potentialAction":[{"@type":"ReadAction","target":["https:\/\/www.renedejonge.nl\/en\/working-method\/"]}]},{"@type":"BreadcrumbList","@id":"https:\/\/www.renedejonge.nl\/en\/working-method\/#breadcrumb","itemListElement":[{"@type":"ListItem","position":1,"name":"Home","item":"https:\/\/www.renedejonge.nl\/en\/"},{"@type":"ListItem","position":2,"name":"Working method"}]},{"@type":"WebSite","@id":"https:\/\/www.renedejonge.nl\/en\/#website","url":"https:\/\/www.renedejonge.nl\/en\/","name":"Ren\u00e9 de Jonge - Den Haag","description":"H\u00e9t aanspreekpunt voor al uw financi\u00eble zaken","potentialAction":[{"@type":"SearchAction","target":{"@type":"EntryPoint","urlTemplate":"https:\/\/www.renedejonge.nl\/en\/?s={search_term_string}"},"query-input":{"@type":"PropertyValueSpecification","valueRequired":true,"valueName":"search_term_string"}}],"inLanguage":"en-US"}]}},"_links":{"self":[{"href":"https:\/\/www.renedejonge.nl\/en\/wp-json\/wp\/v2\/pages\/612","targetHints":{"allow":["GET"]}}],"collection":[{"href":"https:\/\/www.renedejonge.nl\/en\/wp-json\/wp\/v2\/pages"}],"about":[{"href":"https:\/\/www.renedejonge.nl\/en\/wp-json\/wp\/v2\/types\/page"}],"author":[{"embeddable":true,"href":"https:\/\/www.renedejonge.nl\/en\/wp-json\/wp\/v2\/users\/1"}],"replies":[{"embeddable":true,"href":"https:\/\/www.renedejonge.nl\/en\/wp-json\/wp\/v2\/comments?post=612"}],"version-history":[{"count":3,"href":"https:\/\/www.renedejonge.nl\/en\/wp-json\/wp\/v2\/pages\/612\/revisions"}],"predecessor-version":[{"id":1115,"href":"https:\/\/www.renedejonge.nl\/en\/wp-json\/wp\/v2\/pages\/612\/revisions\/1115"}],"wp:attachment":[{"href":"https:\/\/www.renedejonge.nl\/en\/wp-json\/wp\/v2\/media?parent=612"}],"curies":[{"name":"wp","href":"https:\/\/api.w.org\/{rel}","templated":true}]}}