{"id":633,"date":"2018-07-25T14:15:20","date_gmt":"2018-07-25T13:15:20","guid":{"rendered":"http:\/\/www.renedejonge.nl\/?page_id=633"},"modified":"2023-09-27T12:05:41","modified_gmt":"2023-09-27T10:05:41","slug":"home","status":"publish","type":"page","link":"https:\/\/www.renedejonge.nl\/en\/","title":{"rendered":"Home"},"content":{"rendered":"<section class=\"l-section wpb_row height_auto width_full\"><div class=\"l-section-h i-cf\"><div class=\"g-cols vc_row via_flex valign_top type_default stacking_default\"><div class=\"vc_col-sm-12 wpb_column vc_column_container\"><div class=\"vc_column-inner\"><div class=\"wpb_wrapper\">\n\t\t\t\t<p class=\"rs-p-wp-fix\"><\/p>\n\t\t\t\t<sr7-module data-alias=\"slider-1\" data-id=\"1\" id=\"SR7_1_1\" data-version=\"6.7.54\">\n\t\t\t\t\t<sr7-adjuster><\/sr7-adjuster>\n\t\t\t\t\t<sr7-content>\n\t\t\t\t\t\t<sr7-slide id=\"SR7_1_1-1\" data-key=\"1\">\n\t\t\t\t\t\t\t<sr7-bg id=\"SR7_1_1-1-slidebg\" class=\"sr7-layer\"><noscript><img decoding=\"async\" src=\"https:\/\/www.renedejonge.nl\/wp-content\/uploads\/2014\/06\/slider5.png\" alt=\"\" title=\"slider5\"><\/noscript><\/sr7-bg>\n\t\t\t\t\t\t<\/sr7-slide>\n\t\t\t\t\t\t<sr7-slide id=\"SR7_1_1-2\" data-key=\"2\">\n\t\t\t\t\t\t\t<sr7-bg id=\"SR7_1_1-2-slidebg\" class=\"sr7-layer\"><noscript><img decoding=\"async\" src=\"https:\/\/www.renedejonge.nl\/wp-content\/uploads\/2014\/06\/slider3.jpg\" alt=\"\" title=\"slider3\"><\/noscript><\/sr7-bg>\n\t\t\t\t\t\t<\/sr7-slide>\n\t\t\t\t\t\t<sr7-slide id=\"SR7_1_1-3\" data-key=\"3\">\n\t\t\t\t\t\t\t<sr7-bg id=\"SR7_1_1-3-slidebg\" class=\"sr7-layer\"><noscript><img decoding=\"async\" src=\"https:\/\/www.renedejonge.nl\/wp-content\/uploads\/2014\/06\/slider4.jpg\" alt=\"\" title=\"slider4\"><\/noscript><\/sr7-bg>\n\t\t\t\t\t\t<\/sr7-slide>\n\t\t\t\t\t\t<sr7-slide id=\"SR7_1_1-5\" data-key=\"5\">\n\t\t\t\t\t\t<\/sr7-slide>\n\t\t\t\t\t<\/sr7-content>\n\t\t\t\t<\/sr7-module>\n\t\t\t\t<script>\n\t\t\t\t\twindow.SR7 ??={};SR7.PMH ??={}; SR7.PMH[\"SR7_1_1\"] = {cn:100,state:false,fn: function() { if (window._tpt!==undefined && window._tpt.prepareModuleHeight !== undefined) {  _tpt.prepareModuleHeight({id:\"SR7_1_1\",el:[350],type:'standard',shdw:'0',gh:[350],gw:[1600],vpt:['-200px'],size:{fullWidth:true, fullHeight:false},mh:'0',onh:0,onw:0,bg:{color:'transparent'},plType:'0',plColor:'#ffffff'});   SR7.PMH[\"SR7_1_1\"].state=true;} else if(SR7.PMH[\"SR7_1_1\"].cn-->0)\tsetTimeout( SR7.PMH[\"SR7_1_1\"].fn,19);}};SR7.PMH[\"SR7_1_1\" ].fn();\n\t\t\t\t<\/script>\n<\/div><\/div><\/div><\/div><\/div><\/section><section class=\"l-section wpb_row height_small\"><div class=\"l-section-h i-cf\"><div class=\"g-cols vc_row via_flex valign_top type_default stacking_default\"><div class=\"vc_col-sm-12 wpb_column vc_column_container\"><div class=\"vc_column-inner\"><div class=\"wpb_wrapper\"><div class=\"w-grid us_grid type_grid layout_997 cols_3 preload_style_spinner\" id=\"us_grid_1\" style=\"--columns:3;--gap:1.5rem;\"><style>@media (max-width:1024px){#us_grid_1{--columns:2!important}}@media (max-width:600px){#us_grid_1{--columns:1!important}}.layout_997 .w-grid-item-h{}<\/style><div class=\"w-grid-list\">\t<article class=\"w-grid-item size_1x1 post-566 page type-page status-publish hentry\" data-id=\"566\">\r\n\t\t<div class=\"w-grid-item-h\">\r\n\t\t\t\t\t\t<h3 class=\"w-post-elm post_title usg_post_title_1 entry-title color_link_inherit\"><a href=\"https:\/\/www.renedejonge.nl\/en\/mortgage-advice\/\">Mortgage advice<\/a><\/h3>\t\t<\/div>\r\n\t\t\t<\/article>\r\n\t<article class=\"w-grid-item size_1x1 post-584 page type-page status-publish hentry\" data-id=\"584\">\r\n\t\t<div class=\"w-grid-item-h\">\r\n\t\t\t\t\t\t<h3 class=\"w-post-elm post_title usg_post_title_1 entry-title color_link_inherit\"><a href=\"https:\/\/www.renedejonge.nl\/en\/pension-advice-the-hague\/\">Pension advice The Hague<\/a><\/h3>\t\t<\/div>\r\n\t\t\t<\/article>\r\n\t<article class=\"w-grid-item size_1x1 post-586 page type-page status-publish hentry\" data-id=\"586\">\r\n\t\t<div class=\"w-grid-item-h\">\r\n\t\t\t\t\t\t<h3 class=\"w-post-elm post_title usg_post_title_1 entry-title color_link_inherit\"><a href=\"https:\/\/www.renedejonge.nl\/en\/insurance-the-hague\/\">Insurance the hague<\/a><\/h3>\t\t<\/div>\r\n\t\t\t<\/article>\r\n\t<article class=\"w-grid-item size_1x1 post-588 page type-page status-publish hentry\" data-id=\"588\">\r\n\t\t<div class=\"w-grid-item-h\">\r\n\t\t\t\t\t\t<h3 class=\"w-post-elm post_title usg_post_title_1 entry-title color_link_inherit\"><a href=\"https:\/\/www.renedejonge.nl\/en\/divorce-the-hague\/\">Divorce The Hague<\/a><\/h3>\t\t<\/div>\r\n\t\t\t<\/article>\r\n\t<article class=\"w-grid-item size_1x1 post-594 page type-page status-publish hentry\" data-id=\"594\">\r\n\t\t<div class=\"w-grid-item-h\">\r\n\t\t\t\t\t\t<h3 class=\"w-post-elm post_title usg_post_title_1 entry-title color_link_inherit\"><a href=\"https:\/\/www.renedejonge.nl\/en\/entrepreneur\/\">You are an entrepreneur<\/a><\/h3>\t\t<\/div>\r\n\t\t\t<\/article>\r\n<\/div>\t<div class=\"w-grid-preloader\">\r\n\t\t<div class=\"g-preloader type_1\">\r\n\t\t\t<div><\/div>\r\n\t\t<\/div>\r\n\t<\/div>\r\n\t\t<div class=\"w-grid-json hidden\" onclick='return {&quot;action&quot;:&quot;us_ajax_grid&quot;,&quot;infinite_scroll&quot;:0,&quot;max_num_pages&quot;:1,&quot;pagination&quot;:&quot;none&quot;,&quot;template_vars&quot;:{&quot;columns&quot;:&quot;3&quot;,&quot;exclude_items&quot;:&quot;none&quot;,&quot;img_size&quot;:&quot;default&quot;,&quot;ignore_items_size&quot;:0,&quot;items_layout&quot;:&quot;997&quot;,&quot;items_offset&quot;:&quot;1&quot;,&quot;load_animation&quot;:&quot;none&quot;,&quot;overriding_link&quot;:&quot;%7B%22url%22%3A%22%22%7D&quot;,&quot;post_id&quot;:0,&quot;query_args&quot;:{&quot;ignore_sticky_posts&quot;:1,&quot;post_type&quot;:&quot;any&quot;,&quot;post__in&quot;:[&quot;566&quot;,&quot;584&quot;,&quot;586&quot;,&quot;588&quot;,&quot;187&quot;,&quot;594&quot;],&quot;posts_per_page&quot;:&quot;6&quot;},&quot;orderby_query_args&quot;:{&quot;orderby&quot;:{&quot;post__in&quot;:&quot;ASC&quot;},&quot;order&quot;:&quot;ASC&quot;},&quot;type&quot;:&quot;grid&quot;,&quot;us_grid_post_type&quot;:&quot;ids&quot;,&quot;us_grid_ajax_index&quot;:1,&quot;us_grid_filter_query_string&quot;:null,&quot;us_grid_index&quot;:1,&quot;page_args&quot;:[],&quot;lang&quot;:&quot;en&quot;}}'><\/div>\r\n\t<\/div><\/div><\/div><\/div><\/div><\/div><\/section><section class=\"l-section wpb_row height_small color_primary with_img\"><div class=\"l-section-img\" role=\"img\" aria-label=\"financiele planning den haag\" data-img-width=\"1800\" data-img-height=\"350\" style=\"background-image: url(https:\/\/www.renedejonge.nl\/wp-content\/uploads\/2014\/06\/ondernemers2.jpg);\"><\/div><div class=\"l-section-h i-cf\"><div class=\"g-cols vc_row via_flex valign_top type_default stacking_default\"><div class=\"vc_col-sm-12 wpb_column vc_column_container\"><div class=\"vc_column-inner\"><div class=\"wpb_wrapper\"><div class=\"wpb_text_column\"><div class=\"wpb_wrapper\"><h1>Financial advisor<\/h1>\n<\/div><\/div><div class=\"wpb_text_column\"><div class=\"wpb_wrapper\"><p>&#8230;<\/p>\n<\/div><\/div><\/div><\/div><\/div><\/div><\/div><\/section><section class=\"l-section wpb_row height_small\"><div class=\"l-section-h i-cf\"><div class=\"g-cols vc_row via_flex valign_top type_default stacking_default\"><div class=\"vc_col-sm-12 wpb_column vc_column_container\"><div class=\"vc_column-inner\"><div class=\"wpb_wrapper\"><div class=\"wpb_text_column\"><div class=\"wpb_wrapper\"><h1>What our customers say<\/h1>\n<\/div><\/div><div class=\"w-grid us_carousel type_carousel layout_testimonial_1 preload_style_spinner\" id=\"us_grid_2\"><style>.layout_testimonial_1 .w-grid-item-h{}.layout_testimonial_1 .usg_vwrapper_1{transition-duration:0.3s;transform-origin:50% 50%;transform:scale(1) translate(0%,0%)}.layout_testimonial_1 .w-grid-item-h:focus-within .usg_vwrapper_1,.layout_testimonial_1 .w-grid-item-h:hover .usg_vwrapper_1{transform:scale(1) translate(0%,0%);opacity:1;border-color:var(--color-content-primary)!important}.layout_testimonial_1 .usg_vwrapper_1{border-radius:var(--site-border-radius)!important;padding:2rem!important;border:2px solid var(--color-content-border)!important}.layout_testimonial_1 .usg_hwrapper_1{margin-bottom:1rem!important}.layout_testimonial_1 .usg_post_image_1{width:4rem!important;margin-left:0!important;margin-right:1rem!important}.layout_testimonial_1 .usg_post_custom_field_1{font-weight:700!important;line-height:1.5!important;margin-bottom:0!important}.layout_testimonial_1 .usg_post_custom_field_2{color:var(--color-content-faded)!important;font-size:0.9rem!important;line-height:1.5!important}.layout_testimonial_1 .usg_post_custom_field_3{color:var(--color-content-primary)!important}<\/style><div class=\"w-grid-list owl-carousel valign_stretch dotstyle_circle navstyle_circle arrows-ver-pos_middle arrows-hor-pos_on_sides_outside arrows-disabled_hide owl-responsive-2000 with_dots with_arrows\" style=\"--transition-duration:350ms;--arrows-size:1.5rem;--arrows-hor-offset:calc(0px + 0px);--arrows-gap:10px;\">\t<article class=\"w-grid-item post-1003 us_testimonial type-us_testimonial status-publish hentry\" data-id=\"1003\">\r\n\t\t<div class=\"w-grid-item-h\">\r\n\t\t\t\t\t\t<div class=\"w-vwrapper usg_vwrapper_1 align_none valign_top\" style=\"--vwrapper-gap:0.7rem\"><div class=\"w-post-elm post_content usg_post_content_1\"><p>To be able to buy our dream home, we had meetings with mortgage advisers from various banks. Because I am self-employed in The Hague, they were all very hesitant and advised me \u201cto come back in a few years.\u201d Through a partner, I then met Ren\u00e9 de Jonge. He was finally able to help me with the mortgage. Where others stopped, Rene saw the challenge and went the extra mile that was required. He also advised us on insurance policies and how to arrange this best. A One-Stop office.<\/p>\n<\/div><div class=\"w-hwrapper usg_hwrapper_1 align_none valign_middle\" style=\"--hwrapper-gap:1.2rem\"><div class=\"w-vwrapper usg_vwrapper_2 align_none valign_top\" style=\"--vwrapper-gap:0.7rem\"><div class=\"w-post-elm post_custom_field usg_post_custom_field_1 type_text us_testimonial_author\"><span class=\"w-post-elm-value\">D. Otten<\/span><\/div><div class=\"w-post-elm post_custom_field usg_post_custom_field_2 has_text_color type_text us_testimonial_role color_link_inherit\"><span class=\"w-post-elm-value\"><\/span><\/div><\/div><\/div><\/div>\t\t<\/div>\r\n\t\t\t<\/article>\r\n\t<article class=\"w-grid-item post-1002 us_testimonial type-us_testimonial status-publish hentry\" data-id=\"1002\">\r\n\t\t<div class=\"w-grid-item-h\">\r\n\t\t\t\t\t\t<div class=\"w-vwrapper usg_vwrapper_1 align_none valign_top\" style=\"--vwrapper-gap:0.7rem\"><div class=\"w-post-elm post_content usg_post_content_1\"><p>Through good friends, we met Ren\u00e9 de Jonge and his team in 2006, with which we are very happy. We were so satisfied that we went back to Ren\u00e9 for our mortgage and insurance policies during the purchase of our next home last year. Ren\u00e9 de Jonge and his team are professionals with many years of experience, who excel at customer focus and the drive to get the most out of a situation. Therefore, they have an extremely good price\/quality ratio that will benefit you for many years thereafter.<br \/>\nIn recent years, we have introduced quite a few people in our circle of friends to Rene, who were very grateful for this tip in every single case!<\/p>\n<\/div><div class=\"w-hwrapper usg_hwrapper_1 align_none valign_middle\" style=\"--hwrapper-gap:1.2rem\"><div class=\"w-vwrapper usg_vwrapper_2 align_none valign_top\" style=\"--vwrapper-gap:0.7rem\"><div class=\"w-post-elm post_custom_field usg_post_custom_field_1 type_text us_testimonial_author\"><span class=\"w-post-elm-value\">Man Family<\/span><\/div><div class=\"w-post-elm post_custom_field usg_post_custom_field_2 has_text_color type_text us_testimonial_role color_link_inherit\"><span class=\"w-post-elm-value\"><\/span><\/div><\/div><\/div><\/div>\t\t<\/div>\r\n\t\t\t<\/article>\r\n\t<article class=\"w-grid-item post-1001 us_testimonial type-us_testimonial status-publish hentry\" data-id=\"1001\">\r\n\t\t<div class=\"w-grid-item-h\">\r\n\t\t\t\t\t\t<div class=\"w-vwrapper usg_vwrapper_1 align_none valign_top\" style=\"--vwrapper-gap:0.7rem\"><div class=\"w-post-elm post_content usg_post_content_1\"><div class=\"desc\">\n<div class=\"content clearfix\">\n<p>In 2012, I became self-employed after having spent ten years in a partnership for physiotherapy. At the end of that year, we saw a 1930s semi-detached house. I knew that if I wanted to qualify for a mortgage, I would have to be able to produce at least three annual figures. Economically, it was also a very difficult time, especially in the housing market and mortgage lending. I thought my chances were very small; I had not been working for a year yet. I did make money but I could forget about a mortgage. Ren\u00e9 asked me which bank I was doing business with and he told me that he has good connections at banks and that he was definitely going to try it. With the annual figures from my previous practice and the little bit of my new practice, Ren\u00e9 used his powers of persuasion. Long story short, he succeeded. We are very happy in our new house and we have managed to get a good mortgage, which is sharp and fits well within our budget. Ren\u00e9 and his team, thank you very much for our dream home.<\/p>\n<\/div>\n<\/div>\n<\/div><div class=\"w-hwrapper usg_hwrapper_1 align_none valign_middle\" style=\"--hwrapper-gap:1.2rem\"><div class=\"w-vwrapper usg_vwrapper_2 align_none valign_top\" style=\"--vwrapper-gap:0.7rem\"><div class=\"w-post-elm post_custom_field usg_post_custom_field_1 type_text us_testimonial_author\"><span class=\"w-post-elm-value\">R. Libanon<\/span><\/div><div class=\"w-post-elm post_custom_field usg_post_custom_field_2 has_text_color type_text us_testimonial_role color_link_inherit\"><span class=\"w-post-elm-value\"><\/span><\/div><\/div><\/div><\/div>\t\t<\/div>\r\n\t\t\t<\/article>\r\n<\/div><div class=\"w-grid-carousel-json hidden\" onclick='return {&quot;carousel_settings&quot;:{&quot;aria_labels&quot;:{&quot;prev&quot;:&quot;Previous&quot;,&quot;next&quot;:&quot;Next&quot;},&quot;autoplayContinual&quot;:false,&quot;autoplayContinualCss&quot;:false,&quot;autoplayHoverPause&quot;:false,&quot;autoplayTimeout&quot;:3000,&quot;autoWidth&quot;:false,&quot;smartSpeed&quot;:350,&quot;margin&quot;:0,&quot;mouseDrag&quot;:true,&quot;rtl&quot;:false,&quot;slideBy&quot;:&quot;1&quot;,&quot;touchDrag&quot;:true,&quot;slideTransition&quot;:&quot;&quot;,&quot;responsive&quot;:{&quot;0&quot;:{&quot;autoHeight&quot;:false,&quot;autoplay&quot;:false,&quot;autoplayContinualCss&quot;:false,&quot;autoWidth&quot;:false,&quot;center&quot;:false,&quot;dots&quot;:false,&quot;items&quot;:1,&quot;loop&quot;:false,&quot;nav&quot;:false,&quot;stagePadding&quot;:0,&quot;slideBy&quot;:&quot;1&quot;,&quot;touchDrag&quot;:true,&quot;mouseDrag&quot;:true},&quot;601&quot;:{&quot;items&quot;:1,&quot;autoplay&quot;:false,&quot;autoplayContinualCss&quot;:false,&quot;center&quot;:false,&quot;dots&quot;:true,&quot;nav&quot;:true,&quot;autoHeight&quot;:false,&quot;autoWidth&quot;:false,&quot;loop&quot;:true,&quot;stagePadding&quot;:0}}}}'><\/div><\/div><\/div><\/div><\/div><\/div><\/div><\/section><section class=\"l-section wpb_row height_small\"><div class=\"l-section-h i-cf\"><div class=\"g-cols vc_row via_flex valign_top type_default stacking_default\"><div class=\"vc_col-sm-12 wpb_column vc_column_container\"><div class=\"vc_column-inner\"><div class=\"wpb_wrapper\"><div class=\"wpb_text_column\"><div class=\"wpb_wrapper\"><div id=\"rpcD41WS320ACOKP15H9TKKJGOC5P3BI8SS\" class=\"rad-container clearfix layout_element full last first top \">\n<div class=\"rad-inner-container nested clearfix\">\n<div id=\"rpwMWBTNCFQQMQ5OEKYE9CYY4J5M3XA2VOS\" class=\"col-align-left w_layout_element w_full first last top rad-widget\">\n<div class=\"ioa-text-column clearfix\">\n<div class=\"ioa-text-area\">\n<h1 class=\"text-title\">Our services<\/h1>\n<p><strong>We have adapted our service document to the new legislation (AVG), the document can be found <\/strong><strong><a href=\"http:\/\/www.renedejonge.nl\/wp-includes\/pdf\/Dienstenwijzer_incl_privacy_paragraaf_AVG_v_mei2018.pdf\">here<\/a><\/strong><strong>.<\/strong><\/p>\n<\/div>\n<\/div>\n<\/div>\n<\/div>\n<\/div>\n<\/div><\/div><\/div><\/div><\/div><\/div><\/div><\/section><section class=\"l-section wpb_row height_small\"><div class=\"l-section-h i-cf\"><div class=\"g-cols vc_row via_flex valign_top type_default stacking_default\"><div class=\"vc_col-sm-12 wpb_column vc_column_container\"><div class=\"vc_column-inner\"><div class=\"wpb_wrapper\"><div class=\"wpb_text_column\"><div class=\"wpb_wrapper\"><h1>Ren\u00e9 de Jonge is registered with<\/h1>\n<h2>In order to guarantee our quality, we are registered at<\/h2>\n<\/div><\/div><\/div><\/div><\/div><\/div><\/div><\/section><section class=\"l-section wpb_row height_small\"><div class=\"l-section-h i-cf\"><div class=\"g-cols vc_row via_flex valign_top type_default stacking_default\"><div class=\"vc_col-sm-3 wpb_column vc_column_container\"><div class=\"vc_column-inner\"><div class=\"wpb_wrapper\"><div class=\"w-image align_none us_animate_fade\"><div class=\"w-image-h\"><img decoding=\"async\" width=\"140\" height=\"105\" src=\"https:\/\/www.renedejonge.nl\/wp-content\/uploads\/2014\/06\/logo-rlp.jpg\" class=\"attachment-large size-large\" alt=\"\" loading=\"lazy\" \/><\/div><\/div><\/div><\/div><\/div><div class=\"vc_col-sm-3 wpb_column vc_column_container\"><div class=\"vc_column-inner\"><div class=\"wpb_wrapper\"><div class=\"w-image align_none us_animate_fade\"><div class=\"w-image-h\"><img decoding=\"async\" width=\"374\" height=\"212\" src=\"https:\/\/www.renedejonge.nl\/wp-content\/uploads\/2014\/06\/AFM-logo.jpg\" class=\"attachment-large size-large\" alt=\"\" loading=\"lazy\" srcset=\"https:\/\/www.renedejonge.nl\/wp-content\/uploads\/2014\/06\/AFM-logo.jpg 374w, https:\/\/www.renedejonge.nl\/wp-content\/uploads\/2014\/06\/AFM-logo-300x170.jpg 300w\" sizes=\"auto, (max-width: 374px) 100vw, 374px\" \/><\/div><\/div><\/div><\/div><\/div><div class=\"vc_col-sm-3 wpb_column vc_column_container\"><div class=\"vc_column-inner\"><div class=\"wpb_wrapper\"><div class=\"w-image align_none us_animate_fade\"><div class=\"w-image-h\"><img decoding=\"async\" width=\"419\" height=\"181\" src=\"https:\/\/www.renedejonge.nl\/wp-content\/uploads\/2014\/06\/kifid-logo-ger1.jpg\" class=\"attachment-large size-large\" alt=\"\" loading=\"lazy\" srcset=\"https:\/\/www.renedejonge.nl\/wp-content\/uploads\/2014\/06\/kifid-logo-ger1.jpg 419w, https:\/\/www.renedejonge.nl\/wp-content\/uploads\/2014\/06\/kifid-logo-ger1-300x129.jpg 300w\" sizes=\"auto, (max-width: 419px) 100vw, 419px\" \/><\/div><\/div><\/div><\/div><\/div><div class=\"vc_col-sm-3 wpb_column vc_column_container\"><div class=\"vc_column-inner\"><div class=\"wpb_wrapper\"><\/div><\/div><\/div><\/div><\/div><\/section>\n","protected":false},"excerpt":{"rendered":"In 2012, I became self-employed after having spent ten years in a partnership for physiotherapy. At the end of that year, we saw a 1930s semi-detached house. I knew that if I wanted to qualify for a mortgage, I would have to be able to produce at least three annual figures. Economically, it was also...","protected":false},"author":1,"featured_media":0,"parent":0,"menu_order":0,"comment_status":"closed","ping_status":"closed","template":"","meta":{"footnotes":""},"class_list":["post-633","page","type-page","status-publish","hentry"],"yoast_head":"<!-- This site is optimized with the Yoast SEO plugin v27.6 - https:\/\/yoast.com\/product\/yoast-seo-wordpress\/ -->\n<title>Home - Ren\u00e9 de Jonge - Den Haag<\/title>\n<meta name=\"robots\" content=\"index, follow, max-snippet:-1, max-image-preview:large, max-video-preview:-1\" \/>\n<link rel=\"canonical\" href=\"https:\/\/www.renedejonge.nl\/en\/\" \/>\n<meta property=\"og:locale\" content=\"en_US\" \/>\n<meta property=\"og:type\" content=\"article\" \/>\n<meta property=\"og:title\" content=\"Home - Ren\u00e9 de Jonge - Den Haag\" \/>\n<meta property=\"og:url\" content=\"https:\/\/www.renedejonge.nl\/en\/\" \/>\n<meta property=\"og:site_name\" content=\"Ren\u00e9 de Jonge - Den Haag\" \/>\n<meta property=\"article:modified_time\" content=\"2023-09-27T10:05:41+00:00\" \/>\n<meta name=\"twitter:card\" content=\"summary_large_image\" \/>\n<meta name=\"twitter:label1\" content=\"Est. reading time\" \/>\n\t<meta name=\"twitter:data1\" content=\"1 minute\" \/>\n<script type=\"application\/ld+json\" class=\"yoast-schema-graph\">{\"@context\":\"https:\\\/\\\/schema.org\",\"@graph\":[{\"@type\":\"WebPage\",\"@id\":\"https:\\\/\\\/www.renedejonge.nl\\\/en\\\/\",\"url\":\"https:\\\/\\\/www.renedejonge.nl\\\/en\\\/\",\"name\":\"Home - Ren\u00e9 de Jonge - Den Haag\",\"isPartOf\":{\"@id\":\"https:\\\/\\\/www.renedejonge.nl\\\/en\\\/#website\"},\"datePublished\":\"2018-07-25T13:15:20+00:00\",\"dateModified\":\"2023-09-27T10:05:41+00:00\",\"breadcrumb\":{\"@id\":\"https:\\\/\\\/www.renedejonge.nl\\\/en\\\/#breadcrumb\"},\"inLanguage\":\"en-US\",\"potentialAction\":[{\"@type\":\"ReadAction\",\"target\":[\"https:\\\/\\\/www.renedejonge.nl\\\/en\\\/\"]}]},{\"@type\":\"BreadcrumbList\",\"@id\":\"https:\\\/\\\/www.renedejonge.nl\\\/en\\\/#breadcrumb\",\"itemListElement\":[{\"@type\":\"ListItem\",\"position\":1,\"name\":\"Home\",\"item\":\"https:\\\/\\\/www.renedejonge.nl\\\/en\\\/\"},{\"@type\":\"ListItem\",\"position\":2,\"name\":\"Home\"}]},{\"@type\":\"WebSite\",\"@id\":\"https:\\\/\\\/www.renedejonge.nl\\\/en\\\/#website\",\"url\":\"https:\\\/\\\/www.renedejonge.nl\\\/en\\\/\",\"name\":\"Ren\u00e9 de Jonge - Den Haag\",\"description\":\"H\u00e9t aanspreekpunt voor al uw financi\u00eble zaken\",\"potentialAction\":[{\"@type\":\"SearchAction\",\"target\":{\"@type\":\"EntryPoint\",\"urlTemplate\":\"https:\\\/\\\/www.renedejonge.nl\\\/en\\\/?s={search_term_string}\"},\"query-input\":{\"@type\":\"PropertyValueSpecification\",\"valueRequired\":true,\"valueName\":\"search_term_string\"}}],\"inLanguage\":\"en-US\"}]}<\/script>\n<!-- \/ Yoast SEO plugin. -->","yoast_head_json":{"title":"Home - Ren\u00e9 de Jonge - Den Haag","robots":{"index":"index","follow":"follow","max-snippet":"max-snippet:-1","max-image-preview":"max-image-preview:large","max-video-preview":"max-video-preview:-1"},"canonical":"https:\/\/www.renedejonge.nl\/en\/","og_locale":"en_US","og_type":"article","og_title":"Home - Ren\u00e9 de Jonge - Den Haag","og_url":"https:\/\/www.renedejonge.nl\/en\/","og_site_name":"Ren\u00e9 de Jonge - Den Haag","article_modified_time":"2023-09-27T10:05:41+00:00","twitter_card":"summary_large_image","twitter_misc":{"Est. reading time":"1 minute"},"schema":{"@context":"https:\/\/schema.org","@graph":[{"@type":"WebPage","@id":"https:\/\/www.renedejonge.nl\/en\/","url":"https:\/\/www.renedejonge.nl\/en\/","name":"Home - Ren\u00e9 de Jonge - Den Haag","isPartOf":{"@id":"https:\/\/www.renedejonge.nl\/en\/#website"},"datePublished":"2018-07-25T13:15:20+00:00","dateModified":"2023-09-27T10:05:41+00:00","breadcrumb":{"@id":"https:\/\/www.renedejonge.nl\/en\/#breadcrumb"},"inLanguage":"en-US","potentialAction":[{"@type":"ReadAction","target":["https:\/\/www.renedejonge.nl\/en\/"]}]},{"@type":"BreadcrumbList","@id":"https:\/\/www.renedejonge.nl\/en\/#breadcrumb","itemListElement":[{"@type":"ListItem","position":1,"name":"Home","item":"https:\/\/www.renedejonge.nl\/en\/"},{"@type":"ListItem","position":2,"name":"Home"}]},{"@type":"WebSite","@id":"https:\/\/www.renedejonge.nl\/en\/#website","url":"https:\/\/www.renedejonge.nl\/en\/","name":"Ren\u00e9 de Jonge - Den Haag","description":"H\u00e9t aanspreekpunt voor al uw financi\u00eble zaken","potentialAction":[{"@type":"SearchAction","target":{"@type":"EntryPoint","urlTemplate":"https:\/\/www.renedejonge.nl\/en\/?s={search_term_string}"},"query-input":{"@type":"PropertyValueSpecification","valueRequired":true,"valueName":"search_term_string"}}],"inLanguage":"en-US"}]}},"_links":{"self":[{"href":"https:\/\/www.renedejonge.nl\/en\/wp-json\/wp\/v2\/pages\/633","targetHints":{"allow":["GET"]}}],"collection":[{"href":"https:\/\/www.renedejonge.nl\/en\/wp-json\/wp\/v2\/pages"}],"about":[{"href":"https:\/\/www.renedejonge.nl\/en\/wp-json\/wp\/v2\/types\/page"}],"author":[{"embeddable":true,"href":"https:\/\/www.renedejonge.nl\/en\/wp-json\/wp\/v2\/users\/1"}],"replies":[{"embeddable":true,"href":"https:\/\/www.renedejonge.nl\/en\/wp-json\/wp\/v2\/comments?post=633"}],"version-history":[{"count":12,"href":"https:\/\/www.renedejonge.nl\/en\/wp-json\/wp\/v2\/pages\/633\/revisions"}],"predecessor-version":[{"id":1130,"href":"https:\/\/www.renedejonge.nl\/en\/wp-json\/wp\/v2\/pages\/633\/revisions\/1130"}],"wp:attachment":[{"href":"https:\/\/www.renedejonge.nl\/en\/wp-json\/wp\/v2\/media?parent=633"}],"curies":[{"name":"wp","href":"https:\/\/api.w.org\/{rel}","templated":true}]}}